{"id":13106,"date":"2026-05-03T15:14:29","date_gmt":"2026-05-03T13:14:29","guid":{"rendered":"https:\/\/hcsierre.ch\/?page_id=13106"},"modified":"2026-05-04T17:30:21","modified_gmt":"2026-05-04T15:30:21","slug":"saisonkarten-2026-2027","status":"publish","type":"page","link":"https:\/\/hcsierre.ch\/de\/saisonkarten-2026-2027\/","title":{"rendered":"Saisonkarten 2026\/2027"},"content":{"rendered":"\t\t<div data-elementor-type=\"wp-page\" data-elementor-id=\"13106\" class=\"elementor elementor-13106\" data-elementor-post-type=\"page\">\n\t\t\t\t<div class=\"elementor-element elementor-element-33dac46 e-flex e-con-boxed e-con e-parent\" data-id=\"33dac46\" data-element_type=\"container\" data-e-type=\"container\">\n\t\t\t\t\t<div class=\"e-con-inner\">\n\t\t\t\t<div class=\"elementor-element elementor-element-0069606 elementor-widget elementor-widget-image\" data-id=\"0069606\" data-element_type=\"widget\" data-e-type=\"widget\" data-widget_type=\"image.default\">\n\t\t\t\t\t\t\t\t\t\t\t\t\t\t\t<img fetchpriority=\"high\" decoding=\"async\" width=\"1024\" height=\"468\" src=\"https:\/\/hcsierre.ch\/wp-content\/uploads\/2026\/05\/CAMPAGNE-ABO-26-27-SITE-INTERNET-DE-300dpi-V_01.jpg-1024x468.jpeg\" class=\"attachment-large size-large wp-image-13159\" alt=\"\" srcset=\"https:\/\/hcsierre.ch\/wp-content\/uploads\/2026\/05\/CAMPAGNE-ABO-26-27-SITE-INTERNET-DE-300dpi-V_01.jpg-1024x468.jpeg 1024w, https:\/\/hcsierre.ch\/wp-content\/uploads\/2026\/05\/CAMPAGNE-ABO-26-27-SITE-INTERNET-DE-300dpi-V_01.jpg-300x137.jpeg 300w, https:\/\/hcsierre.ch\/wp-content\/uploads\/2026\/05\/CAMPAGNE-ABO-26-27-SITE-INTERNET-DE-300dpi-V_01.jpg-768x351.jpeg 768w, https:\/\/hcsierre.ch\/wp-content\/uploads\/2026\/05\/CAMPAGNE-ABO-26-27-SITE-INTERNET-DE-300dpi-V_01.jpg-1536x702.jpeg 1536w, https:\/\/hcsierre.ch\/wp-content\/uploads\/2026\/05\/CAMPAGNE-ABO-26-27-SITE-INTERNET-DE-300dpi-V_01.jpg-600x274.jpeg 600w, https:\/\/hcsierre.ch\/wp-content\/uploads\/2026\/05\/CAMPAGNE-ABO-26-27-SITE-INTERNET-DE-300dpi-V_01.jpg.jpeg 1640w\" sizes=\"(max-width: 1024px) 100vw, 1024px\" \/>\t\t\t\t\t\t\t\t\t\t\t\t\t\t\t<\/div>\n\t\t\t\t\t<\/div>\n\t\t\t\t<\/div>\n\t\t<div class=\"elementor-element elementor-element-499e819 e-flex e-con-boxed e-con e-parent\" data-id=\"499e819\" data-element_type=\"container\" data-e-type=\"container\">\n\t\t\t\t\t<div class=\"e-con-inner\">\n\t\t\t\t<div class=\"elementor-element elementor-element-ca8e637 elementor-widget elementor-widget-html\" data-id=\"ca8e637\" data-element_type=\"widget\" data-e-type=\"widget\" data-widget_type=\"html.default\">\n\t\t\t\t\t<section class=\"hcs-section\">\n  <div class=\"hcs-container\">\n\n    <div class=\"hcs-section-header\">\n      <span><\/span>\n      <h2>Saisonkartenkampagne 2026\/2027<\/h2>\n      <span><\/span>\n    <\/div>\n    <br>\n\n    <div class=\"hcs-launch-box\">\n      <p>\n        Die Saisonkartenkampagne 2026\/2027 ist offiziell lanciert.\n      <\/p>\n        \n      <p>\n        2026 haben wir eine historische Saison erlebt: grosse Emotionen, enormer Stolz \u2026 und vor allem unvergessliche Momente gemeinsam in Graben und in der ganzen Stadt Siders.\n      <\/p>\n\n      <p>\n        Doch die Geschichte endet hier nicht.\n      <\/p>\n\n      <p>\n        Sie geht mit dir weiter.\n      <\/p>\n\n      <p>\n        Gemeinsam wollen wir diesen Titel verteidigen und ein neues Kapitel unserer Geschichte schreiben.\n      <\/p>\n\n      <p>\n        Alle Abonnenten der letzten Saison haben ein Schreiben zur Verl\u00e4ngerung erhalten.\n      <\/p>\n\n      <p>\n        F\u00fcr alle anderen, die eine Saisonkarte f\u00fcr die kommende Saison erwerben m\u00f6chten, besteht die M\u00f6glichkeit, diese direkt online \u00fcber unseren Online-Shop via den untenstehenden Button zu bestellen oder uns telefonisch oder per E-Mail unter <a href=\"mailto:abo@hcsierre.ch\">abo@hcsierre.ch<\/a> zu kontaktieren.\n      <\/p>\n    <\/div>\n\n  <\/div>\n<\/section>\t\t\t\t<\/div>\n\t\t\t\t\t<\/div>\n\t\t\t\t<\/div>\n\t\t<div class=\"elementor-element elementor-element-c48a8d0 e-flex e-con-boxed e-con e-parent\" data-id=\"c48a8d0\" data-element_type=\"container\" data-e-type=\"container\">\n\t\t\t\t\t<div class=\"e-con-inner\">\n\t\t\t\t<div class=\"elementor-element elementor-element-2060a05 elementor-widget elementor-widget-html\" data-id=\"2060a05\" data-element_type=\"widget\" data-e-type=\"widget\" data-widget_type=\"html.default\">\n\t\t\t\t\t<a href=\"https:\/\/www.ticket-onlineshop.com\/ols\/hcsierre\/de\/abonnement\/channel\/shop\/index\" class=\"abon-btn\">\n  JETZT SAISONKARTE BESTELLEN\n<\/a>\n\n<style>\n\/* Supprime le bleu natif sur liens *\/\na, a:visited, a:active, a:focus {\n  color: inherit;\n  outline: none;\n  -webkit-tap-highlight-color: transparent;\n  text-decoration: none;\n}\n\n\/* Bouton plein \u00e9cran sans aucune trace bleue *\/\n.abon-btn {\n  display: block;\n  width: 100vw;\n  margin: 0;\n  padding: 12px 0;\n  background-color: #e00613;\n  color: #ffffff !important;\n  text-align: center;\n  font-weight: 600;\n  font-size: 17px;\n  text-decoration: none;\n  position: relative;\n  left: calc(-50vw + 50%);\n  z-index: 10;\n  transition: all 0.3s ease-in-out;\n  overflow: hidden;\n  -webkit-tap-highlight-color: transparent;\n  user-select: none;\n  -webkit-user-select: none;\n  outline: none;\n}\n\n.abon-btn::after {\n  content: \"\";\n  position: absolute;\n  left: 50%;\n  bottom: 0;\n  width: 0;\n  height: 2px;\n  background-color: #ffffff;\n  transition: all 0.3s ease-in-out;\n  transform: translateX(-50%);\n}\n\n.abon-btn:hover {\n  transform: scale(1.01);\n  box-shadow: 0 6px 20px rgba(224, 6, 19, 0.3);\n  color: #ffffff !important;\n}\n\n.abon-btn:hover::after {\n  width: 80%;\n}\n<\/style>\n\t\t\t\t<\/div>\n\t\t\t\t\t<\/div>\n\t\t\t\t<\/div>\n\t\t<div class=\"elementor-element elementor-element-968df0f e-flex e-con-boxed e-con e-parent\" data-id=\"968df0f\" data-element_type=\"container\" data-e-type=\"container\">\n\t\t\t\t\t<div class=\"e-con-inner\">\n\t\t\t\t<div class=\"elementor-element elementor-element-da35054 elementor-widget elementor-widget-html\" data-id=\"da35054\" data-element_type=\"widget\" data-e-type=\"widget\" data-widget_type=\"html.default\">\n\t\t\t\t\t<section class=\"hcs-section hcs-light\">\n  <div class=\"hcs-container\">\n\n    <div class=\"hcs-section-header\">\n      <span><\/span>\n      <h2>Flyer<\/h2>\n      <span><\/span>\n    <\/div>\n\n    <div class=\"hcs-download-box\">\n      <p>\n        Alle Informationen zur Saisonkartenkampagne 2026\/2027 finden Sie in unserem Flyer.\n      <\/p>\n\n      <a class=\"hcs-download-button\" href=\"https:\/\/hcsierre.ch\/wp-content\/uploads\/2026\/05\/Flyer-26-27-D.pdf\" target=\"_blank\" rel=\"noopener\">\n        Vollst\u00e4ndigen Flyer herunterladen\n      <\/a>\n    <\/div>\n\n  <\/div>\n<\/section>\t\t\t\t<\/div>\n\t\t\t\t\t<\/div>\n\t\t\t\t<\/div>\n\t\t<div class=\"elementor-element elementor-element-c620d68 e-flex e-con-boxed e-con e-parent\" data-id=\"c620d68\" data-element_type=\"container\" data-e-type=\"container\">\n\t\t\t\t\t<div class=\"e-con-inner\">\n\t\t\t\t<div class=\"elementor-element elementor-element-3b9b011 elementor-widget elementor-widget-html\" data-id=\"3b9b011\" data-element_type=\"widget\" data-e-type=\"widget\" data-widget_type=\"html.default\">\n\t\t\t\t\t<div class=\"hcs-page\">\n\n  <section class=\"hcs-section\">\n    <div class=\"hcs-container\">\n\n      <div class=\"hcs-section-header\">\n        <span><\/span>\n        <h2>Die beiden Saisonkarten-Angebote 2026\/2027<\/h2>\n        <span><\/span>\n      <\/div>\n\n      <p class=\"hcs-intro\">\n     \n      <\/p>\n\n      <div class=\"hcs-offers\">\n        <div class=\"hcs-offer-card\">\n          <h3>ALL-INCLUSIVE<\/h3>\n          <p class=\"hcs-offer-subtitle\">Das komplette Erlebnis<\/p>\n          <ul>\n       <li>Alle Spiele inklusive: Vorbereitung, Meisterschaft und Playoffs<\/li>\n<li>Vollst\u00e4ndiger Zugang zu SwissLeague.tv<\/li>\n<li>Dein Platz ist f\u00fcr die entscheidenden Momente gesichert<\/li>\n<li>Eine Saison ohne Kompromisse<\/li>\n          <\/ul>\n        <\/div>\n\n        <div class=\"hcs-offer-card\">\n          <h3>CHAMPIONNAT<\/h3>\n          <p class=\"hcs-offer-subtitle\">Das Wesentliche<\/p>\n          <ul>\n            <li>Vorbereitungsspiele und Qualifikation inklusive<\/li>\n<li>Zugang zu SwissLeague.tv inklusive<\/li>\n<li>Ein einfaches, effizientes und attraktives Angebot<\/li>\n<li>M\u00f6glichkeit, deinen Platz f\u00fcr die Playoffs zu behalten<\/li>\n          <\/ul>\n        <\/div>\n      <\/div>\n\n      <div class=\"hcs-price-section\">\n        <div class=\"hcs-price-box\">\n          <h4>Preise ALL-INCLUSIVE<\/h4>\n\n          <div class=\"hcs-price-table\">\n            <div class=\"hcs-price-row hcs-price-head\">\n              <div>Kategorie<\/div>\n              <div>Stehplatz<\/div>\n              <div>Sitzplatz<\/div>\n            <\/div>\n\n            <div class=\"hcs-price-row\">\n              <div>Erwachsene<\/div>\n              <div>495 CHF<\/div>\n              <div>1\u2019090 CHF<\/div>\n            <\/div>\n\n            <div class=\"hcs-price-row\">\n              <div>Studierende \/ AHV \/ IV<\/div>\n              <div>240 CHF<\/div>\n              <div>945 CHF<\/div>\n            <\/div>\n\n            <div class=\"hcs-price-row\">\n              <div>Kind<\/div>\n              <div>125 CHF<\/div>\n              <div>375 CHF<\/div>\n            <\/div>\n          <\/div>\n        <\/div>\n\n        <div class=\"hcs-price-box\">\n          <h4>Preise CHAMPIONNAT<\/h4>\n\n          <div class=\"hcs-price-table\">\n            <div class=\"hcs-price-row hcs-price-head\">\n              <div>Kategorie<\/div>\n              <div>Stehplatz<\/div>\n              <div>Sitzplatz<\/div>\n            <\/div>\n\n            <div class=\"hcs-price-row\">\n              <div>Erwachsene<\/div>\n              <div>350 CHF<\/div>\n              <div>840 CHF<\/div>\n            <\/div>\n\n            <div class=\"hcs-price-row\">\n              <div>Studierende \/ AHV \/ IV<\/div>\n              <div>150 CHF<\/div>\n              <div>730 CHF<\/div>\n            <\/div>\n\n            <div class=\"hcs-price-row\">\n              <div>Kind<\/div>\n              <div>70 CHF<\/div>\n              <div>290 CHF<\/div>\n            <\/div>\n          <\/div>\n        <\/div>\n      <\/div>\n\n      <p class=\"hcs-small-note\">\n        Studierende bis 25 Jahre gegen Vorlage eines Nachweises. Kinder Jahrg\u00e4nge 2010 bis 2018.\n      <\/p>\n\n    <\/div>\n  <\/section>\n\n  <section class=\"hcs-section\">\n    <div class=\"hcs-container\">\n\n      <div class=\"hcs-section-header\">\n        <span><\/span>\n      <h2>Vorteile f\u00fcr Abonnenten<\/h2>\n<span><\/span>\n<\/div>\n\n<ul class=\"hcs-list\">\n  <li>Kostenloser Stehplatzpass f\u00fcr dein Kind<\/li>\n  <li>Priorit\u00e4rer Zugang zu Tickets f\u00fcr die Playoffs<\/li>\n  <li>Alle Spiele im Streaming, auch ausw\u00e4rts<\/li>\n  <li>Exklusive Rabatte und Vorteile f\u00fcr Abonnenten<\/li>\n  <li>Ein Partnernetzwerk mit Vorteilen w\u00e4hrend der ganzen Saison<\/li>\n<\/ul>\n      <\/ul>\n\n     \n\n    <\/div>\n  <\/section>\n\n  <section class=\"hcs-section hcs-light\">\n    <div class=\"hcs-container\">\n\n      <div class=\"hcs-section-header\">\n        <span><\/span>\n<h2>Wichtige Informationen<\/h2>\n<span><\/span>\n<\/div>\n\n<ul class=\"hcs-list\">\n  <li>Die Pl\u00e4tze der Abonnenten sind bis zum 15. Juli 2026 reserviert<\/li><\/li>\n  <li>Die Saisonkarten werden Anfang August verteilt<\/li>\n  <li>Die Playoffs sind in der Meisterschafts-Formel nicht enthalten<\/li>\n  <li>Mit der Meisterschafts-Saisonkarte kann dein Platz f\u00fcr die Playoffs reserviert werden<\/li>\n  <li>SwissLeague.tv ist in beiden Angeboten enthalten<\/li>\n<\/ul>\n      <\/ul>\n\n    <\/div>\n  <\/section>\n\n  <section class=\"hcs-section\">\n    <div class=\"hcs-container\">\n\n      <div class=\"hcs-section-header\">\n        <span><\/span>\n<h2>Kontakt<\/h2>\n<span><\/span>\n<\/div>\n\n<div class=\"hcs-contact\">\n  <p><strong>Sekretariat des HC Siders<\/strong><\/p>\n  <p>Place de l\u2019H\u00f4tel de Ville \u2014 Rue du Bourg 16, 3960 Siders<\/p>\n  <p>\n    Telefon: <a href=\"tel:0275656414\">027 565 64 14<\/a><br>\n    E-Mail: <a href=\"mailto:abo@hcsierre.ch\">abo@hcsierre.ch<\/a>\n  <\/p>\n  <p class=\"hcs-final\">DEINE LEIDENSCHAFT, UNSERE ST\u00c4RKE!<\/p>\n<\/div>\n      <\/div>\n\n    <\/div>\n  <\/section>\n\n<\/div>\n\n<style>\n  .hcs-page {\n    font-family: \"Roboto\", sans-serif;\n    color: #222;\n    background: #fff;\n  }\n\n  .hcs-container {\n    max-width: 980px;\n    margin: 0 auto;\n    padding: 0 20px;\n  }\n\n  .hcs-section {\n    padding: 48px 0;\n  }\n\n  .hcs-light {\n    background: #f8f8f8;\n  }\n\n  .hcs-section-header {\n    display: flex;\n    align-items: center;\n    gap: 16px;\n    margin-bottom: 18px;\n  }\n\n  .hcs-section-header span {\n    flex: 1;\n    height: 1px;\n    background: #d9d9d9;\n  }\n\n  .hcs-section-header h2 {\n    margin: 0;\n    font-size: 28px;\n    color: #ef0018;\n    font-weight: 800;\n    text-align: center;\n    white-space: nowrap;\n  }\n\n  .hcs-intro {\n    text-align: center;\n    font-size: 18px;\n    line-height: 1.6;\n    color: #555;\n    margin: 0 0 30px;\n  }\n\n  .hcs-offers {\n    display: grid;\n    grid-template-columns: 1fr 1fr;\n    gap: 24px;\n    margin-bottom: 28px;\n  }\n\n  .hcs-offer-card {\n    background: #fff;\n    border: 1px solid #ececec;\n    border-radius: 12px;\n    padding: 24px;\n  }\n\n  .hcs-offer-card h3 {\n    margin: 0 0 8px;\n    font-size: 24px;\n    color: #111;\n  }\n\n  .hcs-offer-subtitle {\n    margin: 0 0 16px;\n    color: #ef0018;\n    font-weight: 700;\n  }\n\n  .hcs-offer-card ul,\n  .hcs-list {\n    margin: 0;\n    padding-left: 20px;\n    line-height: 1.8;\n  }\n\n  .hcs-price-section {\n    display: grid;\n    grid-template-columns: 1fr 1fr;\n    gap: 24px;\n    margin-top: 10px;\n  }\n\n  .hcs-price-box {\n    background: #fff;\n    border: 1px solid #ececec;\n    border-radius: 12px;\n    padding: 20px;\n  }\n\n  .hcs-price-box h4 {\n    margin: 0 0 14px;\n    text-align: center;\n    color: #ef0018;\n    font-size: 18px;\n    font-weight: 800;\n  }\n\n  .hcs-price-table {\n    border: 1px solid #ececec;\n    border-radius: 10px;\n    overflow: hidden;\n  }\n\n  .hcs-price-row {\n    display: grid;\n    grid-template-columns: 1.5fr 1fr 1fr;\n    border-bottom: 1px solid #ececec;\n  }\n\n  .hcs-price-row:last-child {\n    border-bottom: none;\n  }\n\n  .hcs-price-row div {\n    padding: 12px 14px;\n    font-size: 14px;\n  }\n\n  .hcs-price-head {\n    background: #ef0018;\n    color: #fff;\n    font-weight: 700;\n  }\n\n  .hcs-price-row:not(.hcs-price-head):nth-child(even) {\n    background: #fafafa;\n  }\n\n  .hcs-small-note {\n    margin-top: 16px;\n    font-size: 14px;\n    color: #666;\n    text-align: center;\n  }\n\n  .hcs-highlight {\n    margin-top: 22px;\n    text-align: center;\n    font-size: 22px;\n    font-weight: 700;\n    color: #ef0018;\n  }\n\n  .hcs-contact {\n    text-align: center;\n    line-height: 1.8;\n  }\n\n  .hcs-page a {\n    color: #ef0018;\n    text-decoration: none;\n  }\n\n  .hcs-final {\n    margin-top: 14px;\n    font-size: 20px;\n    font-weight: 800;\n    color: #ef0018;\n  }\n\n  @media (max-width: 768px) {\n    .hcs-section {\n      padding: 36px 0;\n    }\n\n    .hcs-section-header {\n      gap: 10px;\n    }\n\n    .hcs-section-header h2 {\n      font-size: 24px;\n      white-space: normal;\n    }\n\n    .hcs-offers,\n    .hcs-price-section {\n      grid-template-columns: 1fr;\n    }\n\n    .hcs-price-row {\n      grid-template-columns: 1.3fr 1fr 1fr;\n    }\n\n    .hcs-price-row div {\n      padding: 10px;\n      font-size: 13px;\n    }\n\n    .hcs-highlight {\n      font-size: 20px;\n    }\n  }\n<\/style>\t\t\t\t<\/div>\n\t\t\t\t\t<\/div>\n\t\t\t\t<\/div>\n\t\t\t\t<\/div>\n\t\t","protected":false},"excerpt":{"rendered":"<p>Saisonkartenkampagne 2026\/2027 Die Saisonkartenkampagne 2026\/2027 ist offiziell lanciert. 2026 haben wir eine historische Saison erlebt: grosse Emotionen, enormer Stolz \u2026 und vor allem unvergessliche Momente gemeinsam in Graben und in der ganzen Stadt Siders. Doch die Geschichte endet hier nicht. Sie geht mit dir weiter. Gemeinsam wollen wir diesen Titel verteidigen und ein neues Kapitel&#8230;<\/p>\n","protected":false},"author":1,"featured_media":0,"parent":0,"menu_order":0,"comment_status":"closed","ping_status":"closed","template":"","meta":{"_kad_post_transparent":"","_kad_post_title":"hide","_kad_post_layout":"fullwidth","_kad_post_sidebar_id":"","_kad_post_content_style":"unboxed","_kad_post_vertical_padding":"hide","_kad_post_feature":"hide","_kad_post_feature_position":"","_kad_post_header":false,"_kad_post_footer":false,"footnotes":""},"class_list":["post-13106","page","type-page","status-publish","hentry"],"rttpg_featured_image_url":null,"rttpg_author":{"display_name":"simon.nanchen@hcsierre.ch","author_link":"https:\/\/hcsierre.ch\/de\/author\/simon-nanchenhcsierre-ch\/"},"rttpg_comment":0,"rttpg_category":" <a href=\"https:\/\/hcsierre.ch\/?taxonomy=translation_priority&#038;term=facultatif\" rel=\"tag\">Facultatif<\/a><a href=\"https:\/\/hcsierre.ch\/de\/?taxonomy=translation_priority&#038;term=optional\" rel=\"tag\">Optional<\/a>","rttpg_excerpt":"Saisonkartenkampagne 2026\/2027 Die Saisonkartenkampagne 2026\/2027 ist offiziell lanciert. 2026 haben wir eine historische Saison erlebt: grosse Emotionen, enormer Stolz \u2026 und vor allem unvergessliche Momente gemeinsam in Graben und in der ganzen Stadt Siders. Doch die Geschichte endet hier nicht. Sie geht mit dir weiter. Gemeinsam wollen wir diesen Titel verteidigen und ein neues Kapitel...","_links":{"self":[{"href":"https:\/\/hcsierre.ch\/de\/wp-json\/wp\/v2\/pages\/13106","targetHints":{"allow":["GET"]}}],"collection":[{"href":"https:\/\/hcsierre.ch\/de\/wp-json\/wp\/v2\/pages"}],"about":[{"href":"https:\/\/hcsierre.ch\/de\/wp-json\/wp\/v2\/types\/page"}],"author":[{"embeddable":true,"href":"https:\/\/hcsierre.ch\/de\/wp-json\/wp\/v2\/users\/1"}],"replies":[{"embeddable":true,"href":"https:\/\/hcsierre.ch\/de\/wp-json\/wp\/v2\/comments?post=13106"}],"version-history":[{"count":10,"href":"https:\/\/hcsierre.ch\/de\/wp-json\/wp\/v2\/pages\/13106\/revisions"}],"predecessor-version":[{"id":13170,"href":"https:\/\/hcsierre.ch\/de\/wp-json\/wp\/v2\/pages\/13106\/revisions\/13170"}],"wp:attachment":[{"href":"https:\/\/hcsierre.ch\/de\/wp-json\/wp\/v2\/media?parent=13106"}],"curies":[{"name":"wp","href":"https:\/\/api.w.org\/{rel}","templated":true}]}}