{"id":4164,"date":"2025-04-14T11:13:08","date_gmt":"2025-04-14T09:13:08","guid":{"rendered":"https:\/\/39618xbqtjb.preview.infomaniak.website\/fanklubs\/"},"modified":"2025-05-16T06:40:55","modified_gmt":"2025-05-16T06:40:55","slug":"fanklubs","status":"publish","type":"page","link":"https:\/\/hcsierre.ch\/de\/fanklubs\/","title":{"rendered":"Fanklubs"},"content":{"rendered":"\t\t<div data-elementor-type=\"wp-page\" data-elementor-id=\"4164\" class=\"elementor elementor-4164 elementor-648\" data-elementor-post-type=\"page\">\n\t\t\t\t<div class=\"elementor-element elementor-element-742b392 e-flex e-con-boxed e-con e-parent\" data-id=\"742b392\" data-element_type=\"container\" data-e-type=\"container\">\n\t\t\t\t\t<div class=\"e-con-inner\">\n\t\t\t\t<div class=\"elementor-element elementor-element-eeed0f5 elementor-widget elementor-widget-html\" data-id=\"eeed0f5\" data-element_type=\"widget\" data-e-type=\"widget\" data-widget_type=\"html.default\">\n\t\t\t\t\t<div>\n\n\n  <meta charset=\"UTF-8\">\n  <meta name=\"viewport\" content=\"width=device-width, initial-scale=1.0\">\n  <title>Titel der Seite<\/title>\n  <style>\n    .page-title {\n      font-size: 2.8rem;\n      font-weight: 700;\n      color: #e00613;\n      text-transform: uppercase;\n      text-align: center;\n      margin: 40px 20px 20px 20px;\n      letter-spacing: 1.5px;\n      font-family: 'Arial Black', sans-serif;\n      position: relative;\n    }\n\n    .page-title::after {\n      content: \"\";\n      display: block;\n      width: 60px;\n      height: 4px;\n      background-color: #e00613;\n      margin: 10px auto 0;\n      border-radius: 2px;\n    }\n\n    \/* Responsive : ajustements pour les \u00e9crans \u2264 600px *\/\n    @media (max-width: 600px) {\n      .page-title {\n        font-size: 1.8rem;\n        letter-spacing: 1px;\n        margin: 30px 10px 15px 10px;\n      }\n\n      .page-title::after {\n        width: 40px;\n        height: 3px;\n      }\n    }\n  <\/style>\n\n\n\n  <h1 class=\"page-title\">UNTERST\u00dcTZERSCLUB HC SIDERS<\/h1>\n\n\n\n<\/div>\t\t\t\t<\/div>\n\t\t\t\t\t<\/div>\n\t\t\t\t<\/div>\n\t\t<div class=\"elementor-element elementor-element-f95973e e-flex e-con-boxed e-con e-parent\" data-id=\"f95973e\" data-element_type=\"container\" data-e-type=\"container\">\n\t\t\t\t\t<div class=\"e-con-inner\">\n\t\t\t\t<div class=\"elementor-element elementor-element-cf3bfeb elementor-widget elementor-widget-html\" data-id=\"cf3bfeb\" data-element_type=\"widget\" data-e-type=\"widget\" data-widget_type=\"html.default\">\n\t\t\t\t\t<!-- \u00c0 placer dans le <head> de ta page -->\n<link href=\"https:\/\/fonts.googleapis.com\/css2?family=Roboto&amp;display=swap\" rel=\"stylesheet\">\n\n<!-- Bloc principal -->\n<section style=\"background-color: #ffffff; padding: 80px 20px; font-family: Roboto, sans-serif; font-size: 20px;\">\n  <div style=\"max-width: 1000px; margin: 0 auto; text-align: center;\">\n\n    <!-- Bloc Supporters Club -->\n    <div style=\"margin-bottom: 60px;\">\n      <img decoding=\"async\" src=\"https:\/\/39618xbqtjb.preview.infomaniak.website\/wp-content\/uploads\/2025\/04\/Logo-supporters-clubs-.avif\" alt=\"Unterst\u00fctzer Club HC Sierre\" style=\"width: 130px; margin: 0 auto 25px auto; display: block;\">\n\n      <h2 style=\"font-size: 38px; color: #e00613; font-weight: bold; margin-bottom: 15px;\">Unterst\u00fctzer Club HC Sierre<\/h2>\n\n      <p style=\"color: #444; max-width: 700px; margin: 0 auto 25px;\">\n  Treten Sie dem Supporters Club HC Sierre f\u00fcr nur <strong>50.- pro Jahr<\/strong> bei.\n      <\/p>\n\n      <div style=\"padding: 30px 20px; border-radius: 16px; max-width: 720px; margin: 0 auto 30px; text-align: left;\">\n        <ul style=\"list-style: none; padding: 0; margin: 0; color: #333; line-height: 1.8;\">\n          <li>\u2705 Erm\u00e4\u00dfigungen f\u00fcr <strong>Busreisen<\/strong><\/li>\n          <li>\u2705 Unterst\u00fctzung f\u00fcr die<strong>Organisation von Veranstaltungen<\/strong> in der Eislaufbahn<\/li>\n          <li>\u2705 Teilnahme an anderen <strong>exklusiven Veranstaltungen<\/strong> (zu definieren)<\/li>\n        <\/ul>\n      <\/div>\n\n      <p style=\"color: #555; margin-bottom: 30px;\">\n  \u2139\ufe0f Alle Informationen auf <br> <a href=\"https:\/\/www.supportershcs.ch\" target=\"_blank\" style=\"color: #e00613; font-weight: bold; text-decoration: underline;\">www.supportershcs.ch<\/a>\n      <\/p>\n    <\/div>\n\n    <!-- S\u00e9parateur -->\n    <hr style=\"border: none; height: 1px; background-color: #ddd; margin: 60px auto;\">\n\n    <!-- Bloc Red Boys -->\n    <div>\n      <img decoding=\"async\" src=\"https:\/\/39618xbqtjb.preview.infomaniak.website\/wp-content\/uploads\/2025\/04\/RED-BOYS304876496_568178418426594_7383843203127006102_n.jpg\" alt=\"Red Boys HC Sierre\" style=\"width: 140px; margin: 0 auto 25px auto; display: block;\">\n\n      <h3 style=\"font-size: 28px; color: #e00613; font-weight: bold; margin-bottom: 15px;\">RED BOYS HC SIERRE<\/h3>\n\n      <p style=\"color: #555; margin-bottom: 25px;\">\n  Eine Gruppe von Fans, die die Trib\u00fcnen belebt und den Verein sowohl zu Hause als auch ausw\u00e4rts begleitet.\n      <\/p>\n\n      <a href=\"https:\/\/www.facebook.com\/search\/top?q=red%20boys%20hc%20sierre\" target=\"_blank\" style=\"background-color: #e00613; color: white; font-weight: bold; padding: 14px 26px; border-radius: 999px; text-decoration: none; transition: 0.3s;\">\n  \ud83d\udd17 Beitritt zu den Red Boys\n      <\/a>\n    <\/div>\n\n  <\/div>\n<\/section>\n\t\t\t\t<\/div>\n\t\t\t\t\t<\/div>\n\t\t\t\t<\/div>\n\t\t\t\t<\/div>\n\t\t","protected":false},"excerpt":{"rendered":"<p>Titel der Seite UNTERST\u00dcTZERSCLUB HC SIDERS Unterst\u00fctzer Club HC Sierre Treten Sie dem Supporters Club HC Sierre f\u00fcr nur 50.- pro Jahr bei. \u2705 Erm\u00e4\u00dfigungen f\u00fcr Busreisen \u2705 Unterst\u00fctzung f\u00fcr dieOrganisation von Veranstaltungen in der Eislaufbahn \u2705 Teilnahme an anderen exklusiven Veranstaltungen (zu definieren) \u2139\ufe0f Alle Informationen auf www.supportershcs.ch RED BOYS HC SIERRE Eine Gruppe&#8230;<\/p>\n","protected":false},"author":1,"featured_media":0,"parent":0,"menu_order":0,"comment_status":"closed","ping_status":"closed","template":"","meta":{"_kad_post_transparent":"","_kad_post_title":"hide","_kad_post_layout":"fullwidth","_kad_post_sidebar_id":"","_kad_post_content_style":"","_kad_post_vertical_padding":"","_kad_post_feature":"","_kad_post_feature_position":"","_kad_post_header":false,"_kad_post_footer":false,"footnotes":""},"class_list":["post-4164","page","type-page","status-publish","hentry"],"rttpg_featured_image_url":null,"rttpg_author":{"display_name":"simon.nanchen@hcsierre.ch","author_link":"https:\/\/hcsierre.ch\/de\/author\/simon-nanchenhcsierre-ch\/"},"rttpg_comment":0,"rttpg_category":" <a href=\"https:\/\/hcsierre.ch\/de\/?taxonomy=translation_priority&#038;term=optional\" rel=\"tag\">Optional<\/a>","rttpg_excerpt":"Titel der Seite UNTERST\u00dcTZERSCLUB HC SIDERS Unterst\u00fctzer Club HC Sierre Treten Sie dem Supporters Club HC Sierre f\u00fcr nur 50.- pro Jahr bei. \u2705 Erm\u00e4\u00dfigungen f\u00fcr Busreisen \u2705 Unterst\u00fctzung f\u00fcr dieOrganisation von Veranstaltungen in der Eislaufbahn \u2705 Teilnahme an anderen exklusiven Veranstaltungen (zu definieren) \u2139\ufe0f Alle Informationen auf www.supportershcs.ch RED BOYS HC SIERRE Eine Gruppe...","_links":{"self":[{"href":"https:\/\/hcsierre.ch\/de\/wp-json\/wp\/v2\/pages\/4164","targetHints":{"allow":["GET"]}}],"collection":[{"href":"https:\/\/hcsierre.ch\/de\/wp-json\/wp\/v2\/pages"}],"about":[{"href":"https:\/\/hcsierre.ch\/de\/wp-json\/wp\/v2\/types\/page"}],"author":[{"embeddable":true,"href":"https:\/\/hcsierre.ch\/de\/wp-json\/wp\/v2\/users\/1"}],"replies":[{"embeddable":true,"href":"https:\/\/hcsierre.ch\/de\/wp-json\/wp\/v2\/comments?post=4164"}],"version-history":[{"count":5,"href":"https:\/\/hcsierre.ch\/de\/wp-json\/wp\/v2\/pages\/4164\/revisions"}],"predecessor-version":[{"id":4264,"href":"https:\/\/hcsierre.ch\/de\/wp-json\/wp\/v2\/pages\/4164\/revisions\/4264"}],"wp:attachment":[{"href":"https:\/\/hcsierre.ch\/de\/wp-json\/wp\/v2\/media?parent=4164"}],"curies":[{"name":"wp","href":"https:\/\/api.w.org\/{rel}","templated":true}]}}