{"id":4351,"date":"2025-05-09T13:56:11","date_gmt":"2025-05-09T11:56:11","guid":{"rendered":"https:\/\/39618xbqtjb.preview.infomaniak.website\/mathieu-vouillamoz\/"},"modified":"2025-05-16T12:51:23","modified_gmt":"2025-05-16T12:51:23","slug":"mathieu-vouillamoz","status":"publish","type":"page","link":"https:\/\/hcsierre.ch\/de\/mathieu-vouillamoz\/","title":{"rendered":"Mathieu Vouillamoz"},"content":{"rendered":"\t\t<div data-elementor-type=\"wp-page\" data-elementor-id=\"4351\" class=\"elementor elementor-4351 elementor-3048\" data-elementor-post-type=\"page\">\n\t\t\t\t<div class=\"elementor-element elementor-element-15d1892 e-flex e-con-boxed e-con e-parent\" data-id=\"15d1892\" data-element_type=\"container\" data-e-type=\"container\">\n\t\t\t\t\t<div class=\"e-con-inner\">\n\t\t\t\t<div class=\"elementor-element elementor-element-68555e5 elementor-widget elementor-widget-html\" data-id=\"68555e5\" data-element_type=\"widget\" data-e-type=\"widget\" data-widget_type=\"html.default\">\n\t\t\t\t\t<div class=\"fiche-joueur-v2\">\n  <div class=\"photo-joueur-v2\">\n    <img decoding=\"async\" src=\"https:\/\/39618xbqtjb.preview.infomaniak.website\/wp-content\/uploads\/2025\/05\/IMG_1127.jpg\" alt=\"Foto von Vouillams\">\n  <\/div>\n  <div class=\"infos-joueur-v2\">\n    <h2 class=\"nom-joueur-v2\">Mathieu Vouillamoz<\/h2>\n    <ul>\n        <li><strong>Geburtsdatum:<\/strong> 03.04.2000<\/li>\n      <li><strong>Ursprungsort:<\/strong> Is\u00e9rables, SUI<\/li>\n      <li><strong>Gr\u00f6\u00dfe:<\/strong> 185 cm<\/li>\n      <li><strong>Gewicht:<\/strong> 83 kg<\/li>\n      <li><strong>Im Team seit:<\/strong> 2023<\/li>\n      <li><strong>Spitzname:<\/strong> Vouillams<\/li>\n      <li><strong>Hobby:<\/strong> Bowling<\/li>\n      <li><strong>Traum:<\/strong> Gewinn einer Meisterschaft<\/li>\n      <li><strong>Gr\u00f6\u00dfte Leistung :<\/strong> Teilnahme am Finale der National League<\/li>\n      <li><strong>Bevorzugter Eishockeyspieler :<\/strong> Sidney Crosby<\/li>\n      <li><strong>Bevorzugter Athlet :<\/strong> Roger Federer<\/li>\n      <li><strong>Lieblingsmusik:<\/strong> -<\/li>\n      <li><strong>Lieblingsfilm\/Serie :<\/strong> Prison Break<\/li>\n      <li><strong>Motto:<\/strong> Vergiss, dass du keine Chance hast, mach einfach weiter!<\/li>\n    <\/ul>\n    <p style=\"margin-top: 25px;\">\n  \ud83d\udd17 <a href=\"https:\/\/www.eliteprospects.com\/player\/368031\/mathieu-vouillamoz\" target=\"_blank\" style=\"color:#0066cc; text-decoration:underline;\">\n Siehe das Profil von Elite Prospects\n <\/a> \n    <\/p>\n  <\/div>\n<\/div>\n\n<style>\n.fiche-joueur-v2 {\n  display: flex;\n  flex-wrap: wrap;\n  gap: 40px;\n  align-items: flex-start;\n  margin-top: 40px;\n  background: #f9f9f9;\n  padding: 30px;\n  border-radius: 30px;\n  box-shadow: 0 10px 30px rgba(0,0,0,0.08);\n}\n\n.photo-joueur-v2 img {\n  width: 380px;\n  height: auto;\n  border-radius: 25px;\n  box-shadow: 0 5px 20px rgba(0,0,0,0.1);\n}\n\n.infos-joueur-v2 {\n  flex: 1;\n  font-size: 1.1rem;\n  color: #333;\n}\n\n.infos-joueur-v2 h2.nom-joueur-v2 {\n  font-size: 2rem;\n  margin-bottom: 20px;\n  color: #111;\n  font-weight: 700;\n}\n\n.infos-joueur-v2 ul {\n  list-style: none;\n  padding: 0;\n  margin: 0;\n}\n\n.infos-joueur-v2 li {\n  margin-bottom: 12px;\n  border-bottom: 1px solid #eee;\n  padding-bottom: 8px;\n}\n\n.infos-joueur-v2 li strong {\n  color: #000;\n  font-weight: 600;\n}\n\n\/* Responsive *\/\n@media (max-width: 900px) {\n  .fiche-joueur-v2 {\n    flex-direction: column;\n    align-items: center;\n  }\n\n  .photo-joueur-v2 img {\n    width: 100%;\n    max-width: 400px;\n  }\n\n  .infos-joueur-v2 {\n    width: 100%;\n    text-align: left;\n    margin-top: 30px;\n  }\n\n  .infos-joueur-v2 h2.nom-joueur-v2 {\n    text-align: center;\n  }\n}\n<\/style>\n\t\t\t\t<\/div>\n\t\t\t\t\t<\/div>\n\t\t\t\t<\/div>\n\t\t<div class=\"elementor-element elementor-element-6296921 e-flex e-con-boxed e-con e-parent\" data-id=\"6296921\" data-element_type=\"container\" data-e-type=\"container\">\n\t\t\t\t\t<div class=\"e-con-inner\">\n\t\t\t\t<div class=\"elementor-element elementor-element-755a8e3 elementor-widget elementor-widget-spacer\" data-id=\"755a8e3\" data-element_type=\"widget\" data-e-type=\"widget\" data-widget_type=\"spacer.default\">\n\t\t\t\t\t\t\t<div class=\"elementor-spacer\">\n\t\t\t<div class=\"elementor-spacer-inner\"><\/div>\n\t\t<\/div>\n\t\t\t\t\t\t<\/div>\n\t\t\t\t\t<\/div>\n\t\t\t\t<\/div>\n\t\t\t\t<\/div>\n\t\t","protected":false},"excerpt":{"rendered":"<p>Mathieu Vouillamoz Geburtsdatum: 03.04.2000 Ursprungsort: Is\u00e9rables, SUI Gr\u00f6\u00dfe: 185 cm Gewicht: 83 kg Im Team seit: 2023 Spitzname: Vouillams Hobby: Bowling Traum: Gewinn einer Meisterschaft Gr\u00f6\u00dfte Leistung : Teilnahme am Finale der National League Bevorzugter Eishockeyspieler : Sidney Crosby Bevorzugter Athlet : Roger Federer Lieblingsmusik: &#8211; Lieblingsfilm\/Serie : Prison Break Motto: Vergiss, dass du keine&#8230;<\/p>\n","protected":false},"author":1,"featured_media":0,"parent":0,"menu_order":0,"comment_status":"closed","ping_status":"closed","template":"","meta":{"_kad_post_transparent":"","_kad_post_title":"hide","_kad_post_layout":"fullwidth","_kad_post_sidebar_id":"","_kad_post_content_style":"","_kad_post_vertical_padding":"","_kad_post_feature":"","_kad_post_feature_position":"","_kad_post_header":false,"_kad_post_footer":false,"footnotes":""},"class_list":["post-4351","page","type-page","status-publish","hentry"],"rttpg_featured_image_url":null,"rttpg_author":{"display_name":"simon.nanchen@hcsierre.ch","author_link":"https:\/\/hcsierre.ch\/de\/author\/simon-nanchenhcsierre-ch\/"},"rttpg_comment":0,"rttpg_category":" <a href=\"https:\/\/hcsierre.ch\/de\/?taxonomy=translation_priority&#038;term=optional\" rel=\"tag\">Optional<\/a>","rttpg_excerpt":"Mathieu Vouillamoz Geburtsdatum: 03.04.2000 Ursprungsort: Is\u00e9rables, SUI Gr\u00f6\u00dfe: 185 cm Gewicht: 83 kg Im Team seit: 2023 Spitzname: Vouillams Hobby: Bowling Traum: Gewinn einer Meisterschaft Gr\u00f6\u00dfte Leistung : Teilnahme am Finale der National League Bevorzugter Eishockeyspieler : Sidney Crosby Bevorzugter Athlet : Roger Federer Lieblingsmusik: &#8211; Lieblingsfilm\/Serie : Prison Break Motto: Vergiss, dass du keine...","_links":{"self":[{"href":"https:\/\/hcsierre.ch\/de\/wp-json\/wp\/v2\/pages\/4351","targetHints":{"allow":["GET"]}}],"collection":[{"href":"https:\/\/hcsierre.ch\/de\/wp-json\/wp\/v2\/pages"}],"about":[{"href":"https:\/\/hcsierre.ch\/de\/wp-json\/wp\/v2\/types\/page"}],"author":[{"embeddable":true,"href":"https:\/\/hcsierre.ch\/de\/wp-json\/wp\/v2\/users\/1"}],"replies":[{"embeddable":true,"href":"https:\/\/hcsierre.ch\/de\/wp-json\/wp\/v2\/comments?post=4351"}],"version-history":[{"count":2,"href":"https:\/\/hcsierre.ch\/de\/wp-json\/wp\/v2\/pages\/4351\/revisions"}],"predecessor-version":[{"id":4354,"href":"https:\/\/hcsierre.ch\/de\/wp-json\/wp\/v2\/pages\/4351\/revisions\/4354"}],"wp:attachment":[{"href":"https:\/\/hcsierre.ch\/de\/wp-json\/wp\/v2\/media?parent=4351"}],"curies":[{"name":"wp","href":"https:\/\/api.w.org\/{rel}","templated":true}]}}