{"id":4360,"date":"2025-04-14T11:12:11","date_gmt":"2025-04-14T09:12:11","guid":{"rendered":"https:\/\/39618xbqtjb.preview.infomaniak.website\/wort-des-praesidenten\/"},"modified":"2025-06-01T19:29:50","modified_gmt":"2025-06-01T17:29:50","slug":"wort-des-praesidenten","status":"publish","type":"page","link":"https:\/\/hcsierre.ch\/de\/wort-des-praesidenten\/","title":{"rendered":"Wort des Pr\u00e4sidenten"},"content":{"rendered":"\t\t<div data-elementor-type=\"wp-page\" data-elementor-id=\"4360\" class=\"elementor elementor-4360 elementor-642\" data-elementor-post-type=\"page\">\n\t\t\t\t<div class=\"elementor-element elementor-element-447f305 e-flex e-con-boxed e-con e-parent\" data-id=\"447f305\" data-element_type=\"container\" data-e-type=\"container\">\n\t\t\t\t\t<div class=\"e-con-inner\">\n\t\t\t\t<div class=\"elementor-element elementor-element-535449e elementor-widget elementor-widget-html\" data-id=\"535449e\" data-element_type=\"widget\" data-e-type=\"widget\" data-widget_type=\"html.default\">\n\t\t\t\t\t<div>\n\n\n  <meta charset=\"UTF-8\">\n  <meta name=\"viewport\" content=\"width=device-width, initial-scale=1.0\">\n  <title>Titel der Seite<\/title>\n  <style>\n    .page-title {\n      font-size: 2.8rem;\n      font-weight: 700;\n      color: #e00613;\n      text-transform: uppercase;\n      text-align: center;\n      margin: 40px 20px 20px 20px;\n      letter-spacing: 1.5px;\n      font-family: 'Arial Black', sans-serif;\n      position: relative;\n    }\n\n    .page-title::after {\n      content: \"\";\n      display: block;\n      width: 60px;\n      height: 4px;\n      background-color: #e00613;\n      margin: 10px auto 0;\n      border-radius: 2px;\n    }\n\n    \/* Responsive : ajustements pour les \u00e9crans \u2264 600px *\/\n    @media (max-width: 600px) {\n      .page-title {\n        font-size: 1.8rem;\n        letter-spacing: 1px;\n        margin: 30px 10px 15px 10px;\n      }\n\n      .page-title::after {\n        width: 40px;\n        height: 3px;\n      }\n    }\n  <\/style>\n\n\n\n  <h1 class=\"page-title\">Wort des Pr\u00e4sidenten<\/h1>\n\n\n\n<\/div>\t\t\t\t<\/div>\n\t\t\t\t\t<\/div>\n\t\t\t\t<\/div>\n\t\t<div class=\"elementor-element elementor-element-0d6fa7f e-flex e-con-boxed e-con e-parent\" data-id=\"0d6fa7f\" data-element_type=\"container\" data-e-type=\"container\">\n\t\t\t\t\t<div class=\"e-con-inner\">\n\t\t\t\t<div class=\"elementor-element elementor-element-1300b40 elementor-widget elementor-widget-html\" data-id=\"1300b40\" data-element_type=\"widget\" data-e-type=\"widget\" data-widget_type=\"html.default\">\n\t\t\t\t\t<section style=\"background-color: #ffffff; padding: 80px 20px; font-family: Roboto, sans-serif;\">\n  <style>\n    @media screen and (max-width: 768px) {\n      .hcs-container {\n        flex-direction: column !important;\n        text-align: center;\n      }\n\n      .hcs-image-block {\n        margin-bottom: 30px;\n      }\n    }\n  <\/style>\n\n  <div style=\"max-width: 1000px; margin: 0 auto;\">\n\n    <!-- Hauptblock mit zwei Spalten -->\n    <div class=\"hcs-container\" style=\"display: flex; flex-direction: row; gap: 40px; align-items: flex-start; flex-wrap: wrap;\">\n\n      <!-- Bild des Pr\u00e4sidenten links -->\n      <div class=\"hcs-image-block\" style=\"flex: 0 0 400px; text-align: center;\">\n        <img decoding=\"async\" src=\"https:\/\/39618xbqtjb.preview.infomaniak.website\/wp-content\/uploads\/2025\/04\/hcsierre-president-alain-bonnet.jpg.webp\" alt=\"Alain Bonnet \u2013 Pr\u00e4sident HC Sierre\" style=\"width: 100%; max-width: 400px; border-radius: 12px; display: block; margin: 0 auto;\">\n      <\/div>\n\n      <!-- Textinhalt rechts -->\n      <div style=\"flex: 1; min-width: 280px;\">\n        <h2 style=\"font-size: 38px; color: #000; font-weight: bold; margin-bottom: 30px;\">\n          Siders \u2013 Eine Hockey-Region\n        <\/h2>\n\n        <div style=\"font-size: 18px; color: #333; line-height: 1.8; text-align: justify;\">\n          <p>\n            Siders ist weit mehr als nur eine Stadt \u2013 es ist ein echtes Hockeyland. Eine Region, die seit der Gr\u00fcndung des HC Sierre im Jahr 1933 fest mit ihrem Club verbunden ist. Seit \u00fcber 90 Jahren schreibt unser Club eine bewegte Geschichte mit unvergesslichen Erfolgen, aber auch mit herausfordernden Zeiten. Niemals aber fehlte das Engagement und die Leidenschaft unserer Bev\u00f6lkerung und unserer Partner \u2013 sie waren immer zur Stelle.\n          <\/p>\n\n          <p>\n            Nach einem Neustart im Jahr 2013 durften wir 2019 den Aufstieg in die Swiss League feiern. Seither entwickelt sich der HC Sierre kontinuierlich weiter, st\u00e4rkt seine sportliche Struktur und verankert sich gleichzeitig noch st\u00e4rker in der Region.\n          <\/p>\n\n          <p>\n            Heute blicken wir mit Ambitionen in die Zukunft. Das Projekt der neuen <strong>Valais Arena<\/strong> und des <strong>\u00d6koquartiers Viva<\/strong> ist ein entscheidender Meilenstein f\u00fcr unseren Club. Es er\u00f6ffnet uns nicht nur die Chance auf einen Aufstieg in die National League, sondern bietet auch unserer Gemeinschaft einen Ort des Lebens, des Sports, der Begegnung und des Stolzes!\n          <\/p>\n\n          <p>\n            Unser Fortschritt basiert auch auf professioneller sportlicher Arbeit und starkem Engagement in der Ausbildung \u2013 verk\u00f6rpert durch die Gr\u00fcndung der <strong>Academy Valais-Wallis<\/strong>. Dieses zentrale Instrument wird es uns erm\u00f6glichen, Talente von morgen auszubilden und ein wettbewerbsf\u00e4higes Team aufzubauen, um unsere ambitionierten Ziele zu erreichen.\n          <\/p>\n\n          <p>\n            Ich danke allen von Herzen, die uns Jahr f\u00fcr Jahr treu unterst\u00fctzen. Dank euch konnten wir die Zeit \u00fcberdauern, Herausforderungen meistern und gr\u00f6sser tr\u00e4umen. Ich freue mich darauf, noch viele emotionale und leidenschaftliche Momente mit euch zu teilen \u2013 im Herzen der grossen Familie des HC Siders.\n          <\/p>\n\n          <p style=\"text-align: center; font-size: 20px; font-weight: bold; color: #e00613; margin-top: 40px;\">\n            Es lebe der HC Siders!\n          <\/p>\n\n          <p style=\"text-align: center; font-size: 16px; font-style: italic; color: #666; margin-top: 10px;\">\n            Euer Pr\u00e4sident<br>Alain Bonnet\n          <\/p>\n        <\/div>\n      <\/div>\n    <\/div>\n  <\/div>\n<\/section>\n\t\t\t\t<\/div>\n\t\t\t\t\t<\/div>\n\t\t\t\t<\/div>\n\t\t\t\t<\/div>\n\t\t","protected":false},"excerpt":{"rendered":"<p>Titel der Seite Wort des Pr\u00e4sidenten Siders \u2013 Eine Hockey-Region Siders ist weit mehr als nur eine Stadt \u2013 es ist ein echtes Hockeyland. Eine Region, die seit der Gr\u00fcndung des HC Sierre im Jahr 1933 fest mit ihrem Club verbunden ist. Seit \u00fcber 90 Jahren schreibt unser Club eine bewegte Geschichte mit unvergesslichen Erfolgen,&#8230;<\/p>\n","protected":false},"author":1,"featured_media":0,"parent":0,"menu_order":0,"comment_status":"closed","ping_status":"closed","template":"","meta":{"_kad_post_transparent":"","_kad_post_title":"hide","_kad_post_layout":"fullwidth","_kad_post_sidebar_id":"","_kad_post_content_style":"","_kad_post_vertical_padding":"","_kad_post_feature":"","_kad_post_feature_position":"","_kad_post_header":false,"_kad_post_footer":false,"footnotes":""},"class_list":["post-4360","page","type-page","status-publish","hentry"],"rttpg_featured_image_url":null,"rttpg_author":{"display_name":"simon.nanchen@hcsierre.ch","author_link":"https:\/\/hcsierre.ch\/de\/author\/simon-nanchenhcsierre-ch\/"},"rttpg_comment":0,"rttpg_category":" <a href=\"https:\/\/hcsierre.ch\/de\/?taxonomy=translation_priority&#038;term=optional\" rel=\"tag\">Optional<\/a>","rttpg_excerpt":"Titel der Seite Wort des Pr\u00e4sidenten Siders \u2013 Eine Hockey-Region Siders ist weit mehr als nur eine Stadt \u2013 es ist ein echtes Hockeyland. Eine Region, die seit der Gr\u00fcndung des HC Sierre im Jahr 1933 fest mit ihrem Club verbunden ist. Seit \u00fcber 90 Jahren schreibt unser Club eine bewegte Geschichte mit unvergesslichen Erfolgen,...","_links":{"self":[{"href":"https:\/\/hcsierre.ch\/de\/wp-json\/wp\/v2\/pages\/4360","targetHints":{"allow":["GET"]}}],"collection":[{"href":"https:\/\/hcsierre.ch\/de\/wp-json\/wp\/v2\/pages"}],"about":[{"href":"https:\/\/hcsierre.ch\/de\/wp-json\/wp\/v2\/types\/page"}],"author":[{"embeddable":true,"href":"https:\/\/hcsierre.ch\/de\/wp-json\/wp\/v2\/users\/1"}],"replies":[{"embeddable":true,"href":"https:\/\/hcsierre.ch\/de\/wp-json\/wp\/v2\/comments?post=4360"}],"version-history":[{"count":8,"href":"https:\/\/hcsierre.ch\/de\/wp-json\/wp\/v2\/pages\/4360\/revisions"}],"predecessor-version":[{"id":6818,"href":"https:\/\/hcsierre.ch\/de\/wp-json\/wp\/v2\/pages\/4360\/revisions\/6818"}],"wp:attachment":[{"href":"https:\/\/hcsierre.ch\/de\/wp-json\/wp\/v2\/media?parent=4360"}],"curies":[{"name":"wp","href":"https:\/\/api.w.org\/{rel}","templated":true}]}}