{"id":6257,"date":"2025-05-17T12:03:19","date_gmt":"2025-05-17T10:03:19","guid":{"rendered":"https:\/\/39618xbqtjb.preview.infomaniak.website\/patenschaft\/"},"modified":"2025-06-01T09:25:15","modified_gmt":"2025-06-01T07:25:15","slug":"patenschaft","status":"publish","type":"page","link":"https:\/\/hcsierre.ch\/de\/patenschaft\/","title":{"rendered":"Patenschaft"},"content":{"rendered":"\t\t<div data-elementor-type=\"wp-page\" data-elementor-id=\"6257\" class=\"elementor elementor-6257 elementor-4470\" data-elementor-post-type=\"page\">\n\t\t\t\t<div class=\"elementor-element elementor-element-8901554 e-flex e-con-boxed e-con e-parent\" data-id=\"8901554\" data-element_type=\"container\" data-e-type=\"container\">\n\t\t\t\t\t<div class=\"e-con-inner\">\n\t\t\t\t<div class=\"elementor-element elementor-element-5ac0ea4 elementor-widget elementor-widget-html\" data-id=\"5ac0ea4\" data-element_type=\"widget\" data-e-type=\"widget\" data-widget_type=\"html.default\">\n\t\t\t\t\t<!DOCTYPE html><html lang=\"fr\"><head><meta charset=\"UTF-8\"><meta name=\"viewport\" content=\"width=device-width, initial-scale=1.0\"><title>Titre de la page<\/title><style>@import url('https:\/\/fonts.googleapis.com\/css2?family=Oswald:wght@600&display=swap');\n\n    body {\n      margin: 0;\n      padding: 0;\n      background-color: #fff;\n      display: flex;\n      justify-content: center;\n      align-items: center;\n      min-height: 60vh; \/* Centr\u00e9 verticalement dans la zone visible *\/\n      flex-direction: column;\n    }\n\n    .page-title {\n      font-family: 'Oswald', sans-serif;\n      font-size: 3rem;\n      font-weight: 600;\n      color: #e00613;\n      text-transform: uppercase;\n      text-align: center;\n      letter-spacing: 2px;\n      position: relative;\n      opacity: 0;\n      transition: opacity 0.6s ease;\n    }\n\n    .page-title::after {\n      content: \"\";\n      position: absolute;\n      left: 50%;\n      transform: translateX(-50%);\n      bottom: -10px;\n      width: 0;\n      height: 4px;\n      background-color: #e00613;\n      border-radius: 2px;\n      transition: width 0.8s ease;\n    }\n\n    .page-title.visible {\n      opacity: 1;\n    }\n\n    .page-title.visible::after {\n      width: 80px;\n    }\n\n    @media (max-width: 600px) {\n      .page-title {\n        font-size: 2rem;\n        letter-spacing: 1px;\n      }\n\n      .page-title.visible::after {\n        width: 50px;\n      }\n    }\n  <\/style><script>window.addEventListener(\"DOMContentLoaded\", () => {\n      const title = document.querySelector(\".page-title\");\n      setTimeout(() => {\n        title.classList.add(\"visible\");\n      }, 200);\n    });\n  <\/script><\/head><body><h1 class=\"page-title\">Patenschaft<\/h1><\/body><\/html>\t\t\t\t<\/div>\n\t\t\t\t<div class=\"elementor-element elementor-element-8430b65 elementor-widget elementor-widget-spacer\" data-id=\"8430b65\" data-element_type=\"widget\" data-e-type=\"widget\" data-widget_type=\"spacer.default\">\n\t\t\t\t\t\t\t<div class=\"elementor-spacer\">\n\t\t\t<div class=\"elementor-spacer-inner\"><\/div>\n\t\t<\/div>\n\t\t\t\t\t\t<\/div>\n\t\t\t\t\t<\/div>\n\t\t\t\t<\/div>\n\t\t<div class=\"elementor-element elementor-element-2d0a558 e-flex e-con-boxed e-con e-parent\" data-id=\"2d0a558\" data-element_type=\"container\" data-e-type=\"container\">\n\t\t\t\t\t<div class=\"e-con-inner\">\n\t\t\t\t<div class=\"elementor-element elementor-element-8455161 elementor-widget elementor-widget-heading\" data-id=\"8455161\" data-element_type=\"widget\" data-e-type=\"widget\" data-widget_type=\"heading.default\">\n\t\t\t\t\t<h2 class=\"elementor-heading-title elementor-size-default\">NEU IN DIESER SAISON<\/h2>\t\t\t\t<\/div>\n\t\t\t\t<div class=\"elementor-element elementor-element-b1149b1 elementor-widget elementor-widget-html\" data-id=\"b1149b1\" data-element_type=\"widget\" data-e-type=\"widget\" data-widget_type=\"html.default\">\n\t\t\t\t\t<div class=\"texte-parrainage-offre\">\n  <p>Du warst in der Saison 2024\/25 Abonnent(in)? Dann kannst du f\u00fcr die Saison 2025\/26 <strong>neue Abonnent(inn)en werben<\/strong> und erh\u00e4ltst <strong>20\u202f% Rabatt<\/strong> auf dein eigenes Abo.<\/p>\n  <p>Und das ist noch nicht alles: Das Angebot ist <strong>kumulativ<\/strong>! Wenn du <strong>5 Personen<\/strong> wirbst, ist dein Abo f\u00fcr die ganze Saison <strong>gratis<\/strong>!<\/p>\n  <p>Um von diesem Angebot zu profitieren, kannst du uns <strong>anrufen<\/strong>, <strong>eine E-Mail schreiben<\/strong>, <strong>im Sekretariat vorbeikommen<\/strong> oder einfach das <strong>Formular unten ausf\u00fcllen<\/strong>.<\/p>\n  <p>Wir senden dir anschliessend eine <strong>neue Rechnung<\/strong> mit dem entsprechenden Rabatt, je nach Anzahl geworbener neuer Abonnent(inn)en!<\/p>\n<\/div>\n\n<style>\n.texte-parrainage-offre {\n  max-width: 800px;\n  margin: 0 auto;\n  padding: 20px;\n  font-family: \"Roboto\", sans-serif;\n  font-size: 18px;\n  line-height: 1.7;\n  color: #222;\n  text-align: justify;\n}\n\n@media (max-width: 600px) {\n  .texte-parrainage-offre {\n    font-size: 16px;\n    padding: 16px 12px;\n  }\n}\n<\/style>\n\t\t\t\t<\/div>\n\t\t\t\t<div class=\"elementor-element elementor-element-121b4b2 elementor-widget elementor-widget-spacer\" data-id=\"121b4b2\" data-element_type=\"widget\" data-e-type=\"widget\" data-widget_type=\"spacer.default\">\n\t\t\t\t\t\t\t<div class=\"elementor-spacer\">\n\t\t\t<div class=\"elementor-spacer-inner\"><\/div>\n\t\t<\/div>\n\t\t\t\t\t\t<\/div>\n\t\t\t\t\t<\/div>\n\t\t\t\t<\/div>\n\t\t<div class=\"elementor-element elementor-element-eb9ff2f e-flex e-con-boxed e-con e-parent\" data-id=\"eb9ff2f\" data-element_type=\"container\" data-e-type=\"container\">\n\t\t\t\t\t<div class=\"e-con-inner\">\n\t\t\t\t<div class=\"elementor-element elementor-element-d198aa6 elementor-widget elementor-widget-spacer\" data-id=\"d198aa6\" data-element_type=\"widget\" data-e-type=\"widget\" data-widget_type=\"spacer.default\">\n\t\t\t\t\t\t\t<div class=\"elementor-spacer\">\n\t\t\t<div class=\"elementor-spacer-inner\"><\/div>\n\t\t<\/div>\n\t\t\t\t\t\t<\/div>\n\t\t\t\t<div class=\"elementor-element elementor-element-e7b01b8 elementor-widget elementor-widget-html\" data-id=\"e7b01b8\" data-element_type=\"widget\" data-e-type=\"widget\" data-widget_type=\"html.default\">\n\t\t\t\t\t<div class=\"texte-comment-ca-marche\">\n  <h3>Wie funktioniert das?<\/h3>\n  <p><strong>1.<\/strong> F\u00fclle das untenstehende Formular aus und gib sowohl deine Kontaktdaten als auch jene der Personen an, die du wirbst.<\/p>\n  <p><strong>2.<\/strong> Sobald das Formular ausgef\u00fcllt ist, senden wir dir per E-Mail eine <strong>neue Rechnung<\/strong> mit dem <strong>entsprechenden Rabatt<\/strong>, je nach Anzahl der geworbenen Personen.<\/p>\n<\/div>\n\n<style>\n.texte-comment-ca-marche {\n  max-width: 800px;\n  margin: 0 auto;\n  padding: 20px;\n  font-family: \"Roboto\", sans-serif;\n  font-size: 18px;\n  line-height: 1.7;\n  color: #222;\n  text-align: justify;\n}\n\n.texte-comment-ca-marche h3 {\n  font-size: 22px;\n  font-weight: bold;\n  margin-bottom: 16px;\n  color: #222;\n}\n\n@media (max-width: 600px) {\n  .texte-comment-ca-marche {\n    font-size: 16px;\n    padding: 16px 12px;\n  }\n\n  .texte-comment-ca-marche h3 {\n    font-size: 20px;\n  }\n}\n<\/style>\n\t\t\t\t<\/div>\n\t\t\t\t<div class=\"elementor-element elementor-element-f1795cd elementor-widget elementor-widget-spacer\" data-id=\"f1795cd\" data-element_type=\"widget\" data-e-type=\"widget\" data-widget_type=\"spacer.default\">\n\t\t\t\t\t\t\t<div class=\"elementor-spacer\">\n\t\t\t<div class=\"elementor-spacer-inner\"><\/div>\n\t\t<\/div>\n\t\t\t\t\t\t<\/div>\n\t\t\t\t\t<\/div>\n\t\t\t\t<\/div>\n\t\t<div class=\"elementor-element elementor-element-ddf7367 e-flex e-con-boxed e-con e-parent\" data-id=\"ddf7367\" data-element_type=\"container\" data-e-type=\"container\">\n\t\t\t\t\t<div class=\"e-con-inner\">\n\t\t\t\t<div class=\"elementor-element elementor-element-da2e6ab elementor-widget elementor-widget-spacer\" data-id=\"da2e6ab\" data-element_type=\"widget\" data-e-type=\"widget\" data-widget_type=\"spacer.default\">\n\t\t\t\t\t\t\t<div class=\"elementor-spacer\">\n\t\t\t<div class=\"elementor-spacer-inner\"><\/div>\n\t\t<\/div>\n\t\t\t\t\t\t<\/div>\n\t\t<div class=\"elementor-element elementor-element-d8b4aa4 e-con-full e-flex e-con e-child\" data-id=\"d8b4aa4\" data-element_type=\"container\" data-e-type=\"container\">\n\t\t\t\t<div class=\"elementor-element elementor-element-668d913 elementor-button-align-stretch elementor-widget elementor-widget-form\" data-id=\"668d913\" data-element_type=\"widget\" data-e-type=\"widget\" data-settings=\"{&quot;step_next_label&quot;:&quot;Weiter zu&quot;,&quot;step_previous_label&quot;:&quot;Vorherige&quot;,&quot;button_width&quot;:&quot;100&quot;,&quot;step_type&quot;:&quot;number_text&quot;,&quot;step_icon_shape&quot;:&quot;circle&quot;}\" data-widget_type=\"form.default\">\n\t\t\t\t\t\t\t<form class=\"elementor-form\" method=\"post\" name=\"Neues Formular\" aria-label=\"Neues Formular\">\n\t\t\t<input type=\"hidden\" name=\"post_id\" value=\"6257\"\/>\n\t\t\t<input type=\"hidden\" name=\"form_id\" value=\"668d913\"\/>\n\t\t\t<input type=\"hidden\" name=\"referer_title\" value=\"Patenschaft\" \/>\n\n\t\t\t\t\t\t\t<input type=\"hidden\" name=\"queried_id\" value=\"6257\"\/>\n\t\t\t\n\t\t\t<div class=\"elementor-form-fields-wrapper elementor-labels-above\">\n\t\t\t\t\t\t\t\t<div class=\"elementor-field-type-text elementor-field-group elementor-column elementor-field-group-nom_parrain elementor-col-40 elementor-field-required\">\n\t\t\t\t\t\t\t\t\t\t\t\t<label for=\"form-field-nom_parrain\" class=\"elementor-field-label\">\n\t\t\t\t\t\t\t\tName und Vorname des Sponsors\t\t\t\t\t\t\t<\/label>\n\t\t\t\t\t\t\t\t\t\t\t\t\t\t<input size=\"1\" type=\"text\" name=\"form_fields[nom_parrain]\" id=\"form-field-nom_parrain\" class=\"elementor-field elementor-size-sm  elementor-field-textual\" required=\"required\">\n\t\t\t\t\t\t\t\t\t\t\t<\/div>\n\t\t\t\t\t\t\t\t<div class=\"elementor-field-type-email elementor-field-group elementor-column elementor-field-group-parrain_email elementor-col-40\">\n\t\t\t\t\t\t\t\t\t\t\t\t<label for=\"form-field-parrain_email\" class=\"elementor-field-label\">\n\t\t\t\t\t\t\t\tE-Mail des Sponsors\t\t\t\t\t\t\t<\/label>\n\t\t\t\t\t\t\t\t\t\t\t\t\t\t<input size=\"1\" type=\"email\" name=\"form_fields[parrain_email]\" id=\"form-field-parrain_email\" class=\"elementor-field elementor-size-sm  elementor-field-textual\">\n\t\t\t\t\t\t\t\t\t\t\t<\/div>\n\t\t\t\t\t\t\t\t<div class=\"elementor-field-type-text elementor-field-group elementor-column elementor-field-group-num_membre elementor-col-20\">\n\t\t\t\t\t\t\t\t\t\t\t\t<label for=\"form-field-num_membre\" class=\"elementor-field-label\">\n\t\t\t\t\t\t\t\tMitgliedsnummer 2024\/25\t\t\t\t\t\t\t<\/label>\n\t\t\t\t\t\t\t\t\t\t\t\t\t\t<input size=\"1\" type=\"text\" name=\"form_fields[num_membre]\" id=\"form-field-num_membre\" class=\"elementor-field elementor-size-sm  elementor-field-textual\">\n\t\t\t\t\t\t\t\t\t\t\t<\/div>\n\t\t\t\t\t\t\t\t<div class=\"elementor-field-type-select elementor-field-group elementor-column elementor-field-group-nb_filleuls elementor-col-100\">\n\t\t\t\t\t\t\t\t\t\t\t\t<label for=\"form-field-nb_filleuls\" class=\"elementor-field-label\">\n\t\t\t\t\t\t\t\tWie viele Patenkinder m\u00f6chten Sie sponsern? (Lassen Sie die \u00fcberz\u00e4hligen Felder leer) \t\t\t\t\t\t\t<\/label>\n\t\t\t\t\t\t\t\t<div class=\"elementor-field elementor-select-wrapper remove-before \">\n\t\t\t<div class=\"select-caret-down-wrapper\">\n\t\t\t\t<svg aria-hidden=\"true\" class=\"e-font-icon-svg e-eicon-caret-down\" viewBox=\"0 0 571.4 571.4\" xmlns=\"http:\/\/www.w3.org\/2000\/svg\"><path d=\"M571 393Q571 407 561 418L311 668Q300 679 286 679T261 668L11 418Q0 407 0 393T11 368 36 357H536Q550 357 561 368T571 393Z\"><\/path><\/svg>\t\t\t<\/div>\n\t\t\t<select name=\"form_fields[nb_filleuls]\" id=\"form-field-nb_filleuls\" class=\"elementor-field-textual elementor-size-sm\">\n\t\t\t\t\t\t\t\t\t<option value=\"1\">1<\/option>\n\t\t\t\t\t\t\t\t\t<option value=\"2\">2<\/option>\n\t\t\t\t\t\t\t\t\t<option value=\"3\">3<\/option>\n\t\t\t\t\t\t\t\t\t<option value=\"4\">4<\/option>\n\t\t\t\t\t\t\t\t\t<option value=\"5\">5<\/option>\n\t\t\t\t\t\t\t\t\t<option value=\"\"><\/option>\n\t\t\t\t\t\t\t<\/select>\n\t\t<\/div>\n\t\t\t\t\t\t<\/div>\n\t\t\t\t\t\t\t\t<div class=\"elementor-field-type-text elementor-field-group elementor-column elementor-field-group-filleul_nom_1 elementor-col-40\">\n\t\t\t\t\t\t\t\t\t\t\t\t<label for=\"form-field-filleul_nom_1\" class=\"elementor-field-label\">\n\t\t\t\t\t\t\t\tName und Vorname des Patenkindes 1  \t\t\t\t\t\t\t<\/label>\n\t\t\t\t\t\t\t\t\t\t\t\t\t\t<input size=\"1\" type=\"text\" name=\"form_fields[filleul_nom_1]\" id=\"form-field-filleul_nom_1\" class=\"elementor-field elementor-size-sm  elementor-field-textual\">\n\t\t\t\t\t\t\t\t\t\t\t<\/div>\n\t\t\t\t\t\t\t\t<div class=\"elementor-field-type-email elementor-field-group elementor-column elementor-field-group-filleul_email_1 elementor-col-60\">\n\t\t\t\t\t\t\t\t\t\t\t\t<label for=\"form-field-filleul_email_1\" class=\"elementor-field-label\">\n\t\t\t\t\t\t\t\tEmail des Patenkindes 1\t\t\t\t\t\t\t<\/label>\n\t\t\t\t\t\t\t\t\t\t\t\t\t\t<input size=\"1\" type=\"email\" name=\"form_fields[filleul_email_1]\" id=\"form-field-filleul_email_1\" class=\"elementor-field elementor-size-sm  elementor-field-textual\">\n\t\t\t\t\t\t\t\t\t\t\t<\/div>\n\t\t\t\t\t\t\t\t<div class=\"elementor-field-type-text elementor-field-group elementor-column elementor-field-group-filleul_nom_2 elementor-col-40\">\n\t\t\t\t\t\t\t\t\t\t\t\t<label for=\"form-field-filleul_nom_2\" class=\"elementor-field-label\">\n\t\t\t\t\t\t\t\tName und Vorname des Patenkindes 2\t\t\t\t\t\t\t<\/label>\n\t\t\t\t\t\t\t\t\t\t\t\t\t\t<input size=\"1\" type=\"text\" name=\"form_fields[filleul_nom_2]\" id=\"form-field-filleul_nom_2\" class=\"elementor-field elementor-size-sm  elementor-field-textual\">\n\t\t\t\t\t\t\t\t\t\t\t<\/div>\n\t\t\t\t\t\t\t\t<div class=\"elementor-field-type-email elementor-field-group elementor-column elementor-field-group-filleul_email_2 elementor-col-60\">\n\t\t\t\t\t\t\t\t\t\t\t\t<label for=\"form-field-filleul_email_2\" class=\"elementor-field-label\">\n\t\t\t\t\t\t\t\tEmail des Patenkindes 2\t\t\t\t\t\t\t<\/label>\n\t\t\t\t\t\t\t\t\t\t\t\t\t\t<input size=\"1\" type=\"email\" name=\"form_fields[filleul_email_2]\" id=\"form-field-filleul_email_2\" class=\"elementor-field elementor-size-sm  elementor-field-textual\">\n\t\t\t\t\t\t\t\t\t\t\t<\/div>\n\t\t\t\t\t\t\t\t<div class=\"elementor-field-type-text elementor-field-group elementor-column elementor-field-group-filleul_nom_3 elementor-col-40\">\n\t\t\t\t\t\t\t\t\t\t\t\t<label for=\"form-field-filleul_nom_3\" class=\"elementor-field-label\">\n\t\t\t\t\t\t\t\tName und Vorname des Patenkindes 3\t\t\t\t\t\t\t<\/label>\n\t\t\t\t\t\t\t\t\t\t\t\t\t\t<input size=\"1\" type=\"text\" name=\"form_fields[filleul_nom_3]\" id=\"form-field-filleul_nom_3\" class=\"elementor-field elementor-size-sm  elementor-field-textual\">\n\t\t\t\t\t\t\t\t\t\t\t<\/div>\n\t\t\t\t\t\t\t\t<div class=\"elementor-field-type-email elementor-field-group elementor-column elementor-field-group-filleul_email_3 elementor-col-60\">\n\t\t\t\t\t\t\t\t\t\t\t\t<label for=\"form-field-filleul_email_3\" class=\"elementor-field-label\">\n\t\t\t\t\t\t\t\tE-Mail des Patenkindes 3\t\t\t\t\t\t\t<\/label>\n\t\t\t\t\t\t\t\t\t\t\t\t\t\t<input size=\"1\" type=\"email\" name=\"form_fields[filleul_email_3]\" id=\"form-field-filleul_email_3\" class=\"elementor-field elementor-size-sm  elementor-field-textual\">\n\t\t\t\t\t\t\t\t\t\t\t<\/div>\n\t\t\t\t\t\t\t\t<div class=\"elementor-field-type-text elementor-field-group elementor-column elementor-field-group-filleul_nom_4 elementor-col-40\">\n\t\t\t\t\t\t\t\t\t\t\t\t<label for=\"form-field-filleul_nom_4\" class=\"elementor-field-label\">\n\t\t\t\t\t\t\t\tName und Vorname des Patenkindes 4  \t\t\t\t\t\t\t<\/label>\n\t\t\t\t\t\t\t\t\t\t\t\t\t\t<input size=\"1\" type=\"text\" name=\"form_fields[filleul_nom_4]\" id=\"form-field-filleul_nom_4\" class=\"elementor-field elementor-size-sm  elementor-field-textual\">\n\t\t\t\t\t\t\t\t\t\t\t<\/div>\n\t\t\t\t\t\t\t\t<div class=\"elementor-field-type-email elementor-field-group elementor-column elementor-field-group-filleul_email_4 elementor-col-60\">\n\t\t\t\t\t\t\t\t\t\t\t\t<label for=\"form-field-filleul_email_4\" class=\"elementor-field-label\">\n\t\t\t\t\t\t\t\tE-Mail des Patenkindes 4\t\t\t\t\t\t\t<\/label>\n\t\t\t\t\t\t\t\t\t\t\t\t\t\t<input size=\"1\" type=\"email\" name=\"form_fields[filleul_email_4]\" id=\"form-field-filleul_email_4\" class=\"elementor-field elementor-size-sm  elementor-field-textual\">\n\t\t\t\t\t\t\t\t\t\t\t<\/div>\n\t\t\t\t\t\t\t\t<div class=\"elementor-field-type-text elementor-field-group elementor-column elementor-field-group-filleul_nom_5 elementor-col-40\">\n\t\t\t\t\t\t\t\t\t\t\t\t<label for=\"form-field-filleul_nom_5\" class=\"elementor-field-label\">\n\t\t\t\t\t\t\t\tName und Vorname des Patenkindes 5  \t\t\t\t\t\t\t<\/label>\n\t\t\t\t\t\t\t\t\t\t\t\t\t\t<input size=\"1\" type=\"text\" name=\"form_fields[filleul_nom_5]\" id=\"form-field-filleul_nom_5\" class=\"elementor-field elementor-size-sm  elementor-field-textual\">\n\t\t\t\t\t\t\t\t\t\t\t<\/div>\n\t\t\t\t\t\t\t\t<div class=\"elementor-field-type-email elementor-field-group elementor-column elementor-field-group-filleul_email_5 elementor-col-60\">\n\t\t\t\t\t\t\t\t\t\t\t\t<label for=\"form-field-filleul_email_5\" class=\"elementor-field-label\">\n\t\t\t\t\t\t\t\tE-Mail des Patenkindes 5\t\t\t\t\t\t\t<\/label>\n\t\t\t\t\t\t\t\t\t\t\t\t\t\t<input size=\"1\" type=\"email\" name=\"form_fields[filleul_email_5]\" id=\"form-field-filleul_email_5\" class=\"elementor-field elementor-size-sm  elementor-field-textual\">\n\t\t\t\t\t\t\t\t\t\t\t<\/div>\n\t\t\t\t\t\t\t\t<div class=\"elementor-field-type-checkbox elementor-field-group elementor-column elementor-field-group-consentement elementor-col-100\">\n\t\t\t\t\t\t\t\t\t\t\t\t<label for=\"form-field-consentement\" class=\"elementor-field-label\">\n\t\t\t\t\t\t\t\tIch best\u00e4tige, dass diese Personen mit der \u00dcbernahme einer Patenschaft einverstanden sind.\t\t\t\t\t\t\t<\/label>\n\t\t\t\t\t\t<div class=\"elementor-field-subgroup  \"><span class=\"elementor-field-option\"><input type=\"checkbox\" value=\"\" id=\"form-field-consentement-0\" name=\"form_fields[consentement]\"> <label for=\"form-field-consentement-0\"><\/label><\/span><\/div>\t\t\t\t<\/div>\n\t\t\t\t\t\t\t\t<div class=\"elementor-field-group elementor-column elementor-field-type-submit elementor-col-100 e-form__buttons\">\n\t\t\t\t\t<button class=\"elementor-button elementor-size-sm\" type=\"submit\">\n\t\t\t\t\t\t<span class=\"elementor-button-content-wrapper\">\n\t\t\t\t\t\t\t\t\t\t\t\t\t\t\t\t\t\t\t\t\t\t<span class=\"elementor-button-text\">Senden Sie<\/span>\n\t\t\t\t\t\t\t\t\t\t\t\t\t<\/span>\n\t\t\t\t\t<\/button>\n\t\t\t\t<\/div>\n\t\t\t<\/div>\n\t\t<\/form>\n\t\t\t\t\t\t<\/div>\n\t\t\t\t<\/div>\n\t\t\t\t\t<\/div>\n\t\t\t\t<\/div>\n\t\t<div class=\"elementor-element elementor-element-b1f756d e-flex e-con-boxed e-con e-parent\" data-id=\"b1f756d\" data-element_type=\"container\" data-e-type=\"container\">\n\t\t\t\t\t<div class=\"e-con-inner\">\n\t\t\t\t<div class=\"elementor-element elementor-element-67961d3 elementor-widget elementor-widget-image\" data-id=\"67961d3\" data-element_type=\"widget\" data-e-type=\"widget\" data-widget_type=\"image.default\">\n\t\t\t\t\t\t\t\t\t\t\t\t\t\t\t<img fetchpriority=\"high\" decoding=\"async\" width=\"1024\" height=\"532\" src=\"https:\/\/hcsierre.ch\/wp-content\/uploads\/2025\/05\/Sans-titre-11-1-1024x532.png\" class=\"attachment-large size-large wp-image-4111\" alt=\"\" srcset=\"https:\/\/hcsierre.ch\/wp-content\/uploads\/2025\/05\/Sans-titre-11-1-1024x532.png 1024w, https:\/\/hcsierre.ch\/wp-content\/uploads\/2025\/05\/Sans-titre-11-1-300x156.png 300w, https:\/\/hcsierre.ch\/wp-content\/uploads\/2025\/05\/Sans-titre-11-1-768x399.png 768w, https:\/\/hcsierre.ch\/wp-content\/uploads\/2025\/05\/Sans-titre-11-1-1536x799.png 1536w\" sizes=\"(max-width: 1024px) 100vw, 1024px\" \/>\t\t\t\t\t\t\t\t\t\t\t\t\t\t\t<\/div>\n\t\t\t\t\t<\/div>\n\t\t\t\t<\/div>\n\t\t<div class=\"elementor-element elementor-element-70a5237 e-flex e-con-boxed e-con e-parent\" data-id=\"70a5237\" data-element_type=\"container\" data-e-type=\"container\">\n\t\t\t\t\t<div class=\"e-con-inner\">\n\t\t\t\t<div class=\"elementor-element elementor-element-30241c3 elementor-widget elementor-widget-spacer\" data-id=\"30241c3\" data-element_type=\"widget\" data-e-type=\"widget\" data-widget_type=\"spacer.default\">\n\t\t\t\t\t\t\t<div class=\"elementor-spacer\">\n\t\t\t<div class=\"elementor-spacer-inner\"><\/div>\n\t\t<\/div>\n\t\t\t\t\t\t<\/div>\n\t\t\t\t\t<\/div>\n\t\t\t\t<\/div>\n\t\t\t\t<\/div>\n\t\t","protected":false},"excerpt":{"rendered":"<p>Titre de la page Patenschaft NEU IN DIESER SAISON Du warst in der Saison 2024\/25 Abonnent(in)? Dann kannst du f\u00fcr die Saison 2025\/26 neue Abonnent(inn)en werben und erh\u00e4ltst 20\u202f% Rabatt auf dein eigenes Abo. Und das ist noch nicht alles: Das Angebot ist kumulativ! Wenn du 5 Personen wirbst, ist dein Abo f\u00fcr die ganze&#8230;<\/p>\n","protected":false},"author":1,"featured_media":0,"parent":0,"menu_order":0,"comment_status":"closed","ping_status":"closed","template":"","meta":{"_kad_post_transparent":"","_kad_post_title":"hide","_kad_post_layout":"fullwidth","_kad_post_sidebar_id":"","_kad_post_content_style":"","_kad_post_vertical_padding":"","_kad_post_feature":"","_kad_post_feature_position":"","_kad_post_header":false,"_kad_post_footer":false,"footnotes":""},"class_list":["post-6257","page","type-page","status-publish","hentry"],"rttpg_featured_image_url":null,"rttpg_author":{"display_name":"simon.nanchen@hcsierre.ch","author_link":"https:\/\/hcsierre.ch\/de\/author\/simon-nanchenhcsierre-ch\/"},"rttpg_comment":0,"rttpg_category":" <a href=\"https:\/\/hcsierre.ch\/de\/?taxonomy=translation_priority&#038;term=optional\" rel=\"tag\">Optional<\/a>","rttpg_excerpt":"Titre de la page Patenschaft NEU IN DIESER SAISON Du warst in der Saison 2024\/25 Abonnent(in)? Dann kannst du f\u00fcr die Saison 2025\/26 neue Abonnent(inn)en werben und erh\u00e4ltst 20\u202f% Rabatt auf dein eigenes Abo. Und das ist noch nicht alles: Das Angebot ist kumulativ! Wenn du 5 Personen wirbst, ist dein Abo f\u00fcr die ganze...","_links":{"self":[{"href":"https:\/\/hcsierre.ch\/de\/wp-json\/wp\/v2\/pages\/6257","targetHints":{"allow":["GET"]}}],"collection":[{"href":"https:\/\/hcsierre.ch\/de\/wp-json\/wp\/v2\/pages"}],"about":[{"href":"https:\/\/hcsierre.ch\/de\/wp-json\/wp\/v2\/types\/page"}],"author":[{"embeddable":true,"href":"https:\/\/hcsierre.ch\/de\/wp-json\/wp\/v2\/users\/1"}],"replies":[{"embeddable":true,"href":"https:\/\/hcsierre.ch\/de\/wp-json\/wp\/v2\/comments?post=6257"}],"version-history":[{"count":8,"href":"https:\/\/hcsierre.ch\/de\/wp-json\/wp\/v2\/pages\/6257\/revisions"}],"predecessor-version":[{"id":6705,"href":"https:\/\/hcsierre.ch\/de\/wp-json\/wp\/v2\/pages\/6257\/revisions\/6705"}],"wp:attachment":[{"href":"https:\/\/hcsierre.ch\/de\/wp-json\/wp\/v2\/media?parent=6257"}],"curies":[{"name":"wp","href":"https:\/\/api.w.org\/{rel}","templated":true}]}}