{"id":6282,"date":"2025-05-17T07:26:24","date_gmt":"2025-05-17T05:26:24","guid":{"rendered":"https:\/\/39618xbqtjb.preview.infomaniak.website\/vorteile-fuer-abonnenten\/"},"modified":"2025-06-01T09:28:37","modified_gmt":"2025-06-01T07:28:37","slug":"vorteile-fuer-abonnenten","status":"publish","type":"page","link":"https:\/\/hcsierre.ch\/de\/vorteile-fuer-abonnenten\/","title":{"rendered":"Vorteile f\u00fcr Abonnenten"},"content":{"rendered":"\t\t<div data-elementor-type=\"wp-page\" data-elementor-id=\"6282\" class=\"elementor elementor-6282 elementor-4441\" data-elementor-post-type=\"page\">\n\t\t\t\t<div class=\"elementor-element elementor-element-ab1bf77 e-flex e-con-boxed e-con e-parent\" data-id=\"ab1bf77\" data-element_type=\"container\" data-e-type=\"container\">\n\t\t\t\t\t<div class=\"e-con-inner\">\n\t\t\t\t<div class=\"elementor-element elementor-element-4cdce17 elementor-widget elementor-widget-html\" data-id=\"4cdce17\" data-element_type=\"widget\" data-e-type=\"widget\" data-widget_type=\"html.default\">\n\t\t\t\t\t<!DOCTYPE html><html lang=\"fr\"><head><meta charset=\"UTF-8\"><meta name=\"viewport\" content=\"width=device-width, initial-scale=1.0\"><title>Titre de la page<\/title><style>@import url('https:\/\/fonts.googleapis.com\/css2?family=Oswald:wght@600&display=swap');\n\n    body {\n      margin: 0;\n      padding: 0;\n      background-color: #fff;\n      display: flex;\n      justify-content: center;\n      align-items: center;\n      min-height: 60vh; \/* Centr\u00e9 verticalement dans la zone visible *\/\n      flex-direction: column;\n    }\n\n    .page-title {\n      font-family: 'Oswald', sans-serif;\n      font-size: 3rem;\n      font-weight: 600;\n      color: #e00613;\n      text-transform: uppercase;\n      text-align: center;\n      letter-spacing: 2px;\n      position: relative;\n      opacity: 0;\n      transition: opacity 0.6s ease;\n    }\n\n    .page-title::after {\n      content: \"\";\n      position: absolute;\n      left: 50%;\n      transform: translateX(-50%);\n      bottom: -10px;\n      width: 0;\n      height: 4px;\n      background-color: #e00613;\n      border-radius: 2px;\n      transition: width 0.8s ease;\n    }\n\n    .page-title.visible {\n      opacity: 1;\n    }\n\n    .page-title.visible::after {\n      width: 80px;\n    }\n\n    @media (max-width: 600px) {\n      .page-title {\n        font-size: 2rem;\n        letter-spacing: 1px;\n      }\n\n      .page-title.visible::after {\n        width: 50px;\n      }\n    }\n  <\/style><script>window.addEventListener(\"DOMContentLoaded\", () => {\n      const title = document.querySelector(\".page-title\");\n      setTimeout(() => {\n        title.classList.add(\"visible\");\n      }, 200);\n    });\n  <\/script><\/head><body><h1 class=\"page-title\">Abonnentenvorteile<\/h1><\/body><\/html>\t\t\t\t<\/div>\n\t\t\t\t<div class=\"elementor-element elementor-element-d01ea42 elementor-widget elementor-widget-spacer\" data-id=\"d01ea42\" data-element_type=\"widget\" data-e-type=\"widget\" data-widget_type=\"spacer.default\">\n\t\t\t\t\t\t\t<div class=\"elementor-spacer\">\n\t\t\t<div class=\"elementor-spacer-inner\"><\/div>\n\t\t<\/div>\n\t\t\t\t\t\t<\/div>\n\t\t\t\t\t<\/div>\n\t\t\t\t<\/div>\n\t\t<div class=\"elementor-element elementor-element-e0c1828 e-flex e-con-boxed e-con e-parent\" data-id=\"e0c1828\" data-element_type=\"container\" data-e-type=\"container\">\n\t\t\t\t\t<div class=\"e-con-inner\">\n\t\t\t\t<div class=\"elementor-element elementor-element-a593ca6 elementor-widget elementor-widget-heading\" data-id=\"a593ca6\" data-element_type=\"widget\" data-e-type=\"widget\" data-widget_type=\"heading.default\">\n\t\t\t\t\t<h2 class=\"elementor-heading-title elementor-size-default\">Patenschaft<\/h2>\t\t\t\t<\/div>\n\t\t\t\t<div class=\"elementor-element elementor-element-9cebfac elementor-widget elementor-widget-html\" data-id=\"9cebfac\" data-element_type=\"widget\" data-e-type=\"widget\" data-widget_type=\"html.default\">\n\t\t\t\t\t<div class=\"texte-parrainage\">\n  <p>Du warst in der Saison 2024\/25 Abonnent(in)? Wirb ein(e) neue(n) Abonnent(in) und profitiere von <strong>20% Rabatt<\/strong> auf dein Saisonabo 2025\/26.<\/p>\n  <p>Dieses System ist <strong>kumulativ<\/strong>: Wenn du <strong>5 neue Abonnenten<\/strong> wirbst, ist dein Abo f\u00fcr die Saison <strong>GRATIS<\/strong>!<\/p>\n<\/div>\n\n<style>\n.texte-parrainage {\n  max-width: 800px;\n  margin: 0 auto;\n  padding: 20px;\n  font-family: \"Roboto\", sans-serif;\n  font-size: 18px;\n  line-height: 1.7;\n  color: #222;\n  text-align: justify;\n}\n\n@media (max-width: 600px) {\n  .texte-parrainage {\n    font-size: 16px;\n    padding: 16px 12px;\n  }\n}\n<\/style>\n\t\t\t\t<\/div>\n\t\t\t\t<div class=\"elementor-element elementor-element-8444586 elementor-widget elementor-widget-html\" data-id=\"8444586\" data-element_type=\"widget\" data-e-type=\"widget\" data-widget_type=\"html.default\">\n\t\t\t\t\t<a href=\"https:\/\/hcsierre.ch\/de\/patenschaft\/\" class=\"abon-btn\">PATENSCHAFT\n<\/a><style>\/* Supprime le bleu natif sur liens *\/\na, a:visited, a:active, a:focus {\n  color: inherit;\n  outline: none;\n  -webkit-tap-highlight-color: transparent;\n  text-decoration: none;\n}\n\n\/* Bouton plein \u00e9cran sans aucune trace bleue *\/\n.abon-btn {\n  display: block;\n  width: 100vw;\n  margin: 0;\n  padding: 12px 0;\n  background-color: #e00613;\n  color: #ffffff !important;\n  text-align: center;\n  font-weight: 600;\n  font-size: 17px;\n  text-decoration: none;\n  position: relative;\n  left: calc(-50vw + 50%);\n  z-index: 10;\n  transition: all 0.3s ease-in-out;\n  overflow: hidden;\n  -webkit-tap-highlight-color: transparent;\n  user-select: none;\n  -webkit-user-select: none;\n  outline: none;\n}\n\n.abon-btn::after {\n  content: \"\";\n  position: absolute;\n  left: 50%;\n  bottom: 0;\n  width: 0;\n  height: 2px;\n  background-color: #ffffff;\n  transition: all 0.3s ease-in-out;\n  transform: translateX(-50%);\n}\n\n.abon-btn:hover {\n  transform: scale(1.01);\n  box-shadow: 0 6px 20px rgba(224, 6, 19, 0.3);\n  color: #ffffff !important;\n}\n\n.abon-btn:hover::after {\n  width: 80%;\n}\n<\/style>\t\t\t\t<\/div>\n\t\t\t\t\t<\/div>\n\t\t\t\t<\/div>\n\t\t<div class=\"elementor-element elementor-element-72659c2 e-flex e-con-boxed e-con e-parent\" data-id=\"72659c2\" data-element_type=\"container\" data-e-type=\"container\">\n\t\t\t\t\t<div class=\"e-con-inner\">\n\t\t\t\t<div class=\"elementor-element elementor-element-e2fb484 elementor-widget-divider--view-line elementor-widget elementor-widget-divider\" data-id=\"e2fb484\" data-element_type=\"widget\" data-e-type=\"widget\" data-widget_type=\"divider.default\">\n\t\t\t\t\t\t\t<div class=\"elementor-divider\">\n\t\t\t<span class=\"elementor-divider-separator\">\n\t\t\t\t\t\t<\/span>\n\t\t<\/div>\n\t\t\t\t\t\t<\/div>\n\t\t\t\t\t<\/div>\n\t\t\t\t<\/div>\n\t\t<div class=\"elementor-element elementor-element-4fb0123 e-flex e-con-boxed e-con e-parent\" data-id=\"4fb0123\" data-element_type=\"container\" data-e-type=\"container\">\n\t\t\t\t\t<div class=\"e-con-inner\">\n\t\t\t\t<div class=\"elementor-element elementor-element-2b79bda elementor-widget elementor-widget-heading\" data-id=\"2b79bda\" data-element_type=\"widget\" data-e-type=\"widget\" data-widget_type=\"heading.default\">\n\t\t\t\t\t<h2 class=\"elementor-heading-title elementor-size-default\">Streaming<\/h2>\t\t\t\t<\/div>\n\t\t\t\t<div class=\"elementor-element elementor-element-102c8d0 elementor-widget elementor-widget-html\" data-id=\"102c8d0\" data-element_type=\"widget\" data-e-type=\"widget\" data-widget_type=\"html.default\">\n\t\t\t\t\t<div class=\"texte-streaming\"><p>Avec ton abonnement, tu profites d\u2019un <strong>acc\u00e8s gratuit \u00e0 tous les matchs de la Sky Swiss League<\/strong>, playoffs compris, directement sur la plateforme Swiss League TV.\n  <\/p><p>Un lien d\u2019acc\u00e8s personnel te sera envoy\u00e9 par e-mail avant le d\u00e9but de la saison, afin que tu puisses te connecter facilement.\n  <\/p><p>Tu pourras ainsi suivre tous les matchs de ton \u00e9quipe \u00e0 l\u2019ext\u00e9rieur, depuis chez toi ou en d\u00e9placement, sans rien manquer.\n  <\/p><\/div><style>.texte-streaming {\n    max-width: 800px;\n    margin: 0 auto;\n    padding: 20px;\n    font-family: \"Roboto\", sans-serif;\n    font-size: 18px;\n    line-height: 1.7;\n    color: #222;\n    text-align: justify;\n  }\n\n  @media (max-width: 600px) {\n    .texte-streaming {\n      font-size: 16px;\n      padding: 16px 12px;\n    }\n  }\n<\/style>\t\t\t\t<\/div>\n\t\t\t\t<div class=\"elementor-element elementor-element-c0e68e6 elementor-widget-divider--view-line elementor-widget elementor-widget-divider\" data-id=\"c0e68e6\" data-element_type=\"widget\" data-e-type=\"widget\" data-widget_type=\"divider.default\">\n\t\t\t\t\t\t\t<div class=\"elementor-divider\">\n\t\t\t<span class=\"elementor-divider-separator\">\n\t\t\t\t\t\t<\/span>\n\t\t<\/div>\n\t\t\t\t\t\t<\/div>\n\t\t\t\t\t<\/div>\n\t\t\t\t<\/div>\n\t\t<div class=\"elementor-element elementor-element-f5f80e0 e-flex e-con-boxed e-con e-parent\" data-id=\"f5f80e0\" data-element_type=\"container\" data-e-type=\"container\">\n\t\t\t\t\t<div class=\"e-con-inner\">\n\t\t\t\t<div class=\"elementor-element elementor-element-ff4b7f9 elementor-widget elementor-widget-heading\" data-id=\"ff4b7f9\" data-element_type=\"widget\" data-e-type=\"widget\" data-widget_type=\"heading.default\">\n\t\t\t\t\t<h2 class=\"elementor-heading-title elementor-size-default\">Kostenloser Pass<\/h2>\t\t\t\t<\/div>\n\t\t\t\t<div class=\"elementor-element elementor-element-c80be26 elementor-widget elementor-widget-html\" data-id=\"c80be26\" data-element_type=\"widget\" data-e-type=\"widget\" data-widget_type=\"html.default\">\n\t\t\t\t\t<div class=\"texte-streaming\">\n  <p>Mit deinem Saisonabo erh\u00e4ltst du <strong>kostenlosen Zugang zu allen Spielen der Sky Swiss League<\/strong> \u2013 inklusive Playoffs \u2013 direkt auf der Plattform Swiss League TV.<\/p>\n  <p>Ein pers\u00f6nlicher Zugangslink wird dir vor Saisonbeginn per E-Mail zugeschickt, damit du dich ganz einfach einloggen kannst.<\/p>\n  <p>So kannst du alle Ausw\u00e4rtsspiele deines Teams von zu Hause oder unterwegs live verfolgen \u2013 und verpasst nichts!<\/p>\n<\/div>\n\n<style>\n.texte-streaming {\n  max-width: 800px;\n  margin: 0 auto;\n  padding: 20px;\n  font-family: \"Roboto\", sans-serif;\n  font-size: 18px;\n  line-height: 1.7;\n  color: #222;\n  text-align: justify;\n}\n\n@media (max-width: 600px) {\n  .texte-streaming {\n    font-size: 16px;\n    padding: 16px 12px;\n  }\n}\n<\/style>\n\t\t\t\t<\/div>\n\t\t\t\t<div class=\"elementor-element elementor-element-926fc75 elementor-widget-divider--view-line elementor-widget elementor-widget-divider\" data-id=\"926fc75\" data-element_type=\"widget\" data-e-type=\"widget\" data-widget_type=\"divider.default\">\n\t\t\t\t\t\t\t<div class=\"elementor-divider\">\n\t\t\t<span class=\"elementor-divider-separator\">\n\t\t\t\t\t\t<\/span>\n\t\t<\/div>\n\t\t\t\t\t\t<\/div>\n\t\t\t\t<div class=\"elementor-element elementor-element-f710926 elementor-widget elementor-widget-heading\" data-id=\"f710926\" data-element_type=\"widget\" data-e-type=\"widget\" data-widget_type=\"heading.default\">\n\t\t\t\t\t<h2 class=\"elementor-heading-title elementor-size-default\">Merchandising<\/h2>\t\t\t\t<\/div>\n\t\t\t\t<div class=\"elementor-element elementor-element-266be57 elementor-widget elementor-widget-html\" data-id=\"266be57\" data-element_type=\"widget\" data-e-type=\"widget\" data-widget_type=\"html.default\">\n\t\t\t\t\t<div class=\"texte-merchandising\">\n  <p>Als Abonnent(in) profitierst du zu Saisonbeginn von einem <strong>exklusiven Rabatt auf das gesamte offizielle Merchandising<\/strong>.<\/p>\n  <p>Ein prozentualer Nachlass wird auf das gesamte Sortiment im Shop gew\u00e4hrt \u2013 ob Trikots, Caps, Schals oder andere Artikel.<\/p>\n  <p>Die perfekte Gelegenheit, dich in den Farben des Clubs einzudecken \u2013 und dabei von einem Vorteil zu profitieren, der nur Abonnenten vorbehalten ist.<\/p>\n<\/div>\n\n<style>\n.texte-merchandising {\n  max-width: 800px;\n  margin: 0 auto;\n  padding: 20px;\n  font-family: \"Roboto\", sans-serif;\n  font-size: 18px;\n  line-height: 1.7;\n  color: #222;\n  text-align: justify;\n}\n\n@media (max-width: 600px) {\n  .texte-merchandising {\n    font-size: 16px;\n    padding: 16px 12px;\n  }\n}\n<\/style>\n\t\t\t\t<\/div>\n\t\t\t\t\t<\/div>\n\t\t\t\t<\/div>\n\t\t<div class=\"elementor-element elementor-element-4b4919b e-flex e-con-boxed e-con e-parent\" data-id=\"4b4919b\" data-element_type=\"container\" data-e-type=\"container\">\n\t\t\t\t\t<div class=\"e-con-inner\">\n\t\t\t\t<div class=\"elementor-element elementor-element-f5b6071 elementor-widget-divider--view-line elementor-widget elementor-widget-divider\" data-id=\"f5b6071\" data-element_type=\"widget\" data-e-type=\"widget\" data-widget_type=\"divider.default\">\n\t\t\t\t\t\t\t<div class=\"elementor-divider\">\n\t\t\t<span class=\"elementor-divider-separator\">\n\t\t\t\t\t\t<\/span>\n\t\t<\/div>\n\t\t\t\t\t\t<\/div>\n\t\t\t\t\t<\/div>\n\t\t\t\t<\/div>\n\t\t<div class=\"elementor-element elementor-element-33b8570 e-flex e-con-boxed e-con e-parent\" data-id=\"33b8570\" data-element_type=\"container\" data-e-type=\"container\">\n\t\t\t\t\t<div class=\"e-con-inner\">\n\t\t\t\t<div class=\"elementor-element elementor-element-09b41b9 elementor-widget elementor-widget-heading\" data-id=\"09b41b9\" data-element_type=\"widget\" data-e-type=\"widget\" data-widget_type=\"heading.default\">\n\t\t\t\t\t<h2 class=\"elementor-heading-title elementor-size-default\">Exklusive Veranstaltung<\/h2>\t\t\t\t<\/div>\n\t\t\t\t<div class=\"elementor-element elementor-element-95d563a elementor-widget elementor-widget-html\" data-id=\"95d563a\" data-element_type=\"widget\" data-e-type=\"widget\" data-widget_type=\"html.default\">\n\t\t\t\t\t<div class=\"texte-evenement\">\n  <p>W\u00e4hrend der Saison wird ein <strong>spezieller Event exklusiv f\u00fcr Abonnenten<\/strong> organisiert \u2013 mit Anwesenheit der Spieler.<\/p>\n<\/div>\n\n<style>\n.texte-evenement {\n  max-width: 800px;\n  margin: 0 auto;\n  padding: 20px;\n  font-family: \"Roboto\", sans-serif;\n  font-size: 18px;\n  line-height: 1.7;\n  color: #222;\n  text-align: justify;\n}\n\n@media (max-width: 600px) {\n  .texte-evenement {\n    font-size: 16px;\n    padding: 16px 12px;\n  }\n}\n<\/style>\n\t\t\t\t<\/div>\n\t\t\t\t\t<\/div>\n\t\t\t\t<\/div>\n\t\t<div class=\"elementor-element elementor-element-750d2e0 e-flex e-con-boxed e-con e-parent\" data-id=\"750d2e0\" data-element_type=\"container\" data-e-type=\"container\">\n\t\t\t\t\t<div class=\"e-con-inner\">\n\t\t\t\t<div class=\"elementor-element elementor-element-ce75d25 elementor-widget-divider--view-line elementor-widget elementor-widget-divider\" data-id=\"ce75d25\" data-element_type=\"widget\" data-e-type=\"widget\" data-widget_type=\"divider.default\">\n\t\t\t\t\t\t\t<div class=\"elementor-divider\">\n\t\t\t<span class=\"elementor-divider-separator\">\n\t\t\t\t\t\t<\/span>\n\t\t<\/div>\n\t\t\t\t\t\t<\/div>\n\t\t\t\t\t<\/div>\n\t\t\t\t<\/div>\n\t\t<div class=\"elementor-element elementor-element-209e38a e-flex e-con-boxed e-con e-parent\" data-id=\"209e38a\" data-element_type=\"container\" data-e-type=\"container\">\n\t\t\t\t\t<div class=\"e-con-inner\">\n\t\t\t\t<div class=\"elementor-element elementor-element-401478e elementor-widget elementor-widget-heading\" data-id=\"401478e\" data-element_type=\"widget\" data-e-type=\"widget\" data-widget_type=\"heading.default\">\n\t\t\t\t\t<h2 class=\"elementor-heading-title elementor-size-default\">Exklusive Partnerangebote<\/h2>\t\t\t\t<\/div>\n\t\t\t\t\t<\/div>\n\t\t\t\t<\/div>\n\t\t<div class=\"elementor-element elementor-element-3e8c35d e-flex e-con-boxed e-con e-parent\" data-id=\"3e8c35d\" data-element_type=\"container\" data-e-type=\"container\">\n\t\t\t\t\t<div class=\"e-con-inner\">\n\t\t\t\t<div class=\"elementor-element elementor-element-67fb398 elementor-widget elementor-widget-html\" data-id=\"67fb398\" data-element_type=\"widget\" data-e-type=\"widget\" data-widget_type=\"html.default\">\n\t\t\t\t\t<div class=\"texte-partenaires\">\n  <p>Mit deinem Saisonabo erh\u00e4ltst du <strong>exklusive Vorteile bei unseren Partnern<\/strong>: Rabatte, Spezialangebote, Gutscheine und weitere \u00dcberraschungen.<\/p>\n<\/div>\n\n<style>\n.texte-partenaires {\n  max-width: 800px;\n  margin: 0 auto;\n  padding: 20px;\n  font-family: \"Roboto\", sans-serif;\n  font-size: 18px;\n  line-height: 1.7;\n  color: #222;\n  text-align: justify;\n}\n\n@media (max-width: 600px) {\n  .texte-partenaires {\n    font-size: 16px;\n    padding: 16px 12px;\n  }\n}\n<\/style>\n\t\t\t\t<\/div>\n\t\t\t\t<div class=\"elementor-element elementor-element-9a62efe elementor-widget-divider--view-line elementor-widget elementor-widget-divider\" data-id=\"9a62efe\" data-element_type=\"widget\" data-e-type=\"widget\" data-widget_type=\"divider.default\">\n\t\t\t\t\t\t\t<div class=\"elementor-divider\">\n\t\t\t<span class=\"elementor-divider-separator\">\n\t\t\t\t\t\t<\/span>\n\t\t<\/div>\n\t\t\t\t\t\t<\/div>\n\t\t\t\t\t<\/div>\n\t\t\t\t<\/div>\n\t\t<div class=\"elementor-element elementor-element-c99952e e-flex e-con-boxed e-con e-parent\" data-id=\"c99952e\" data-element_type=\"container\" data-e-type=\"container\">\n\t\t\t\t\t<div class=\"e-con-inner\">\n\t\t\t\t<div class=\"elementor-element elementor-element-e90dc81 elementor-widget elementor-widget-heading\" data-id=\"e90dc81\" data-element_type=\"widget\" data-e-type=\"widget\" data-widget_type=\"heading.default\">\n\t\t\t\t\t<h2 class=\"elementor-heading-title elementor-size-default\">Bonus<\/h2>\t\t\t\t<\/div>\n\t\t\t\t\t<\/div>\n\t\t\t\t<\/div>\n\t\t<div class=\"elementor-element elementor-element-6644f1b e-flex e-con-boxed e-con e-parent\" data-id=\"6644f1b\" data-element_type=\"container\" data-e-type=\"container\">\n\t\t\t\t\t<div class=\"e-con-inner\">\n\t\t\t\t<div class=\"elementor-element elementor-element-20a6048 elementor-widget elementor-widget-html\" data-id=\"20a6048\" data-element_type=\"widget\" data-e-type=\"widget\" data-widget_type=\"html.default\">\n\t\t\t\t\t<div class=\"texte-matchs-supplementaires\">\n  <p>Gute Neuigkeiten: In der kommenden Saison werden <strong>50 Spiele<\/strong> in der Qualifikation ausgetragen \u2013 im Vergleich zu <strong>45<\/strong> in der letzten Saison!<\/p>\n  <p>Mit deinem Saisonabo erh\u00e4ltst du automatisch <strong>mindestens 2 zus\u00e4tzliche Heimspiele<\/strong> in Graben \u2013 zum <strong>gleichen Preis<\/strong> wie in der Saison 2024\/25!<\/p>\n<\/div>\n\n<style>\n.texte-matchs-supplementaires {\n  max-width: 800px;\n  margin: 0 auto;\n  padding: 20px;\n  font-family: \"Roboto\", sans-serif;\n  font-size: 18px;\n  line-height: 1.7;\n  color: #222;\n  text-align: justify;\n}\n\n@media (max-width: 600px) {\n  .texte-matchs-supplementaires {\n    font-size: 16px;\n    padding: 16px 12px;\n  }\n}\n<\/style>\n\t\t\t\t<\/div>\n\t\t\t\t\t<\/div>\n\t\t\t\t<\/div>\n\t\t<div class=\"elementor-element elementor-element-be4560d e-flex e-con-boxed e-con e-parent\" data-id=\"be4560d\" data-element_type=\"container\" data-e-type=\"container\">\n\t\t\t\t\t<div class=\"e-con-inner\">\n\t\t\t\t<div class=\"elementor-element elementor-element-a5ef91e elementor-widget elementor-widget-spacer\" data-id=\"a5ef91e\" data-element_type=\"widget\" data-e-type=\"widget\" data-widget_type=\"spacer.default\">\n\t\t\t\t\t\t\t<div class=\"elementor-spacer\">\n\t\t\t<div class=\"elementor-spacer-inner\"><\/div>\n\t\t<\/div>\n\t\t\t\t\t\t<\/div>\n\t\t\t\t\t<\/div>\n\t\t\t\t<\/div>\n\t\t<div class=\"elementor-element elementor-element-c42b438 e-flex e-con-boxed e-con e-parent\" data-id=\"c42b438\" data-element_type=\"container\" data-e-type=\"container\">\n\t\t\t\t\t<div class=\"e-con-inner\">\n\t\t\t\t<div class=\"elementor-element elementor-element-2e19fd0 elementor-widget elementor-widget-image\" data-id=\"2e19fd0\" data-element_type=\"widget\" data-e-type=\"widget\" data-widget_type=\"image.default\">\n\t\t\t\t\t\t\t\t\t\t\t\t\t\t\t<img fetchpriority=\"high\" decoding=\"async\" width=\"1024\" height=\"532\" src=\"https:\/\/hcsierre.ch\/wp-content\/uploads\/2025\/05\/Sans-titre-11-1-1024x532.png\" class=\"attachment-large size-large wp-image-4111\" alt=\"\" srcset=\"https:\/\/hcsierre.ch\/wp-content\/uploads\/2025\/05\/Sans-titre-11-1-1024x532.png 1024w, https:\/\/hcsierre.ch\/wp-content\/uploads\/2025\/05\/Sans-titre-11-1-300x156.png 300w, https:\/\/hcsierre.ch\/wp-content\/uploads\/2025\/05\/Sans-titre-11-1-768x399.png 768w, https:\/\/hcsierre.ch\/wp-content\/uploads\/2025\/05\/Sans-titre-11-1-1536x799.png 1536w\" sizes=\"(max-width: 1024px) 100vw, 1024px\" \/>\t\t\t\t\t\t\t\t\t\t\t\t\t\t\t<\/div>\n\t\t\t\t\t<\/div>\n\t\t\t\t<\/div>\n\t\t<div class=\"elementor-element elementor-element-f1bd9fd e-flex e-con-boxed e-con e-parent\" data-id=\"f1bd9fd\" data-element_type=\"container\" data-e-type=\"container\">\n\t\t\t\t\t<div class=\"e-con-inner\">\n\t\t\t\t<div class=\"elementor-element elementor-element-a8153fc elementor-widget elementor-widget-spacer\" data-id=\"a8153fc\" data-element_type=\"widget\" data-e-type=\"widget\" data-widget_type=\"spacer.default\">\n\t\t\t\t\t\t\t<div class=\"elementor-spacer\">\n\t\t\t<div class=\"elementor-spacer-inner\"><\/div>\n\t\t<\/div>\n\t\t\t\t\t\t<\/div>\n\t\t\t\t\t<\/div>\n\t\t\t\t<\/div>\n\t\t\t\t<\/div>\n\t\t","protected":false},"excerpt":{"rendered":"<p>Titre de la page Abonnentenvorteile Patenschaft Du warst in der Saison 2024\/25 Abonnent(in)? Wirb ein(e) neue(n) Abonnent(in) und profitiere von 20% Rabatt auf dein Saisonabo 2025\/26. Dieses System ist kumulativ: Wenn du 5 neue Abonnenten wirbst, ist dein Abo f\u00fcr die Saison GRATIS! PATENSCHAFT Streaming Avec ton abonnement, tu profites d\u2019un acc\u00e8s gratuit \u00e0 tous&#8230;<\/p>\n","protected":false},"author":1,"featured_media":0,"parent":0,"menu_order":0,"comment_status":"closed","ping_status":"closed","template":"","meta":{"_kad_post_transparent":"","_kad_post_title":"hide","_kad_post_layout":"fullwidth","_kad_post_sidebar_id":"","_kad_post_content_style":"","_kad_post_vertical_padding":"","_kad_post_feature":"","_kad_post_feature_position":"","_kad_post_header":false,"_kad_post_footer":false,"footnotes":""},"class_list":["post-6282","page","type-page","status-publish","hentry"],"rttpg_featured_image_url":null,"rttpg_author":{"display_name":"simon.nanchen@hcsierre.ch","author_link":"https:\/\/hcsierre.ch\/de\/author\/simon-nanchenhcsierre-ch\/"},"rttpg_comment":0,"rttpg_category":" <a href=\"https:\/\/hcsierre.ch\/de\/?taxonomy=translation_priority&#038;term=optional\" rel=\"tag\">Optional<\/a>","rttpg_excerpt":"Titre de la page Abonnentenvorteile Patenschaft Du warst in der Saison 2024\/25 Abonnent(in)? Wirb ein(e) neue(n) Abonnent(in) und profitiere von 20% Rabatt auf dein Saisonabo 2025\/26. Dieses System ist kumulativ: Wenn du 5 neue Abonnenten wirbst, ist dein Abo f\u00fcr die Saison GRATIS! PATENSCHAFT Streaming Avec ton abonnement, tu profites d\u2019un acc\u00e8s gratuit \u00e0 tous...","_links":{"self":[{"href":"https:\/\/hcsierre.ch\/de\/wp-json\/wp\/v2\/pages\/6282","targetHints":{"allow":["GET"]}}],"collection":[{"href":"https:\/\/hcsierre.ch\/de\/wp-json\/wp\/v2\/pages"}],"about":[{"href":"https:\/\/hcsierre.ch\/de\/wp-json\/wp\/v2\/types\/page"}],"author":[{"embeddable":true,"href":"https:\/\/hcsierre.ch\/de\/wp-json\/wp\/v2\/users\/1"}],"replies":[{"embeddable":true,"href":"https:\/\/hcsierre.ch\/de\/wp-json\/wp\/v2\/comments?post=6282"}],"version-history":[{"count":11,"href":"https:\/\/hcsierre.ch\/de\/wp-json\/wp\/v2\/pages\/6282\/revisions"}],"predecessor-version":[{"id":6711,"href":"https:\/\/hcsierre.ch\/de\/wp-json\/wp\/v2\/pages\/6282\/revisions\/6711"}],"wp:attachment":[{"href":"https:\/\/hcsierre.ch\/de\/wp-json\/wp\/v2\/media?parent=6282"}],"curies":[{"name":"wp","href":"https:\/\/api.w.org\/{rel}","templated":true}]}}