{"id":6341,"date":"2025-05-21T15:34:55","date_gmt":"2025-05-21T13:34:55","guid":{"rendered":"https:\/\/39618xbqtjb.preview.infomaniak.website\/geburtstage\/"},"modified":"2025-08-04T14:13:51","modified_gmt":"2025-08-04T12:13:51","slug":"geburtstage","status":"publish","type":"page","link":"https:\/\/hcsierre.ch\/de\/geburtstage\/","title":{"rendered":"Geburtstage"},"content":{"rendered":"\t\t<div data-elementor-type=\"wp-page\" data-elementor-id=\"6341\" class=\"elementor elementor-6341 elementor-5294\" data-elementor-post-type=\"page\">\n\t\t\t\t<div class=\"elementor-element elementor-element-5587738 e-flex e-con-boxed e-con e-parent\" data-id=\"5587738\" data-element_type=\"container\" data-e-type=\"container\">\n\t\t\t\t\t<div class=\"e-con-inner\">\n\t\t\t\t<div class=\"elementor-element elementor-element-04298f5 elementor-widget elementor-widget-html\" data-id=\"04298f5\" data-element_type=\"widget\" data-e-type=\"widget\" data-widget_type=\"html.default\">\n\t\t\t\t\t<!DOCTYPE html><html lang=\"fr\"><head><meta charset=\"UTF-8\"><meta name=\"viewport\" content=\"width=device-width, initial-scale=1.0\"><title>Titre de la page<\/title><style>@import url('https:\/\/fonts.googleapis.com\/css2?family=Oswald:wght@600&display=swap');\n\n    body {\n      margin: 0;\n      padding: 0;\n      background-color: #fff;\n      display: flex;\n      justify-content: center;\n      align-items: center;\n      min-height: 60vh; \/* Centr\u00e9 verticalement dans la zone visible *\/\n      flex-direction: column;\n    }\n\n    .page-title {\n      font-family: 'Oswald', sans-serif;\n      font-size: 3rem;\n      font-weight: 600;\n      color: #e00613;\n      text-transform: uppercase;\n      text-align: center;\n      letter-spacing: 2px;\n      position: relative;\n      opacity: 0;\n      transition: opacity 0.6s ease;\n    }\n\n    .page-title::after {\n      content: \"\";\n      position: absolute;\n      left: 50%;\n      transform: translateX(-50%);\n      bottom: -10px;\n      width: 0;\n      height: 4px;\n      background-color: #e00613;\n      border-radius: 2px;\n      transition: width 0.8s ease;\n    }\n\n    .page-title.visible {\n      opacity: 1;\n    }\n\n    .page-title.visible::after {\n      width: 80px;\n    }\n\n    @media (max-width: 600px) {\n      .page-title {\n        font-size: 2rem;\n        letter-spacing: 1px;\n      }\n\n      .page-title.visible::after {\n        width: 50px;\n      }\n    }\n  <\/style><script>window.addEventListener(\"DOMContentLoaded\", () => {\n      const title = document.querySelector(\".page-title\");\n      setTimeout(() => {\n        title.classList.add(\"visible\");\n      }, 200);\n    });\n  <\/script><\/head><body><h1 class=\"page-title\">Geburtstage<\/h1><\/body><\/html>\t\t\t\t<\/div>\n\t\t\t\t<div class=\"elementor-element elementor-element-0072f8d elementor-widget elementor-widget-spacer\" data-id=\"0072f8d\" data-element_type=\"widget\" data-e-type=\"widget\" data-widget_type=\"spacer.default\">\n\t\t\t\t\t\t\t<div class=\"elementor-spacer\">\n\t\t\t<div class=\"elementor-spacer-inner\"><\/div>\n\t\t<\/div>\n\t\t\t\t\t\t<\/div>\n\t\t\t\t<div class=\"elementor-element elementor-element-f9ae69b elementor-widget elementor-widget-html\" data-id=\"f9ae69b\" data-element_type=\"widget\" data-e-type=\"widget\" data-widget_type=\"html.default\">\n\t\t\t\t\t<div>\n\n\n  <meta charset=\"UTF-8\">\n  <meta name=\"viewport\" content=\"width=device-width, initial-scale=1.0\">\n  <!-- Importation de la police Roboto depuis Google Fonts -->\n  <link href=\"https:\/\/fonts.googleapis.com\/css2?family=Roboto&amp;display=swap\" rel=\"stylesheet\">\n  <style>\n    body {\n      font-family: 'Roboto', sans-serif;\n      background-color: #f4f4f4;\n      margin: 0;\n      padding: 30px;\n    }\n    .intro {\n      font-size: 22px;\n      font-weight: bold;\n      margin-bottom: 20px;\n      text-align: justify;\n    }\n    p {\n      font-size: 18px;\n      line-height: 1.6;\n      margin: 10px 0;\n      text-align: justify;\n    }\n  <\/style>\n\n\n  <p class=\"intro\">M\u00f6chtest du jemandem zum Geburtstag eine besondere Freude bereiten?<\/p>\n  <p>W\u00e4hrend der Heimspiele zeigen wir sein\/ihr Foto auf dem Videow\u00fcrfel und machen eine Durchsage in der Eishalle!<\/p>\n  <p>F\u00fclle einfach das untenstehende Formular aus, damit die \u00dcberraschung am Spieltag bereit ist.<\/p>\n  <p>Eine tolle Art, in Rot und Gelb zu feiern!<\/p>\n  <p>Formular ist sp\u00e4testens 24 Stunden vor dem betreffenden Spiel auszuf\u00fcllen<\/p>\n\n\n<\/div>\t\t\t\t<\/div>\n\t\t\t\t<div class=\"elementor-element elementor-element-919af8f elementor-widget elementor-widget-spacer\" data-id=\"919af8f\" data-element_type=\"widget\" data-e-type=\"widget\" data-widget_type=\"spacer.default\">\n\t\t\t\t\t\t\t<div class=\"elementor-spacer\">\n\t\t\t<div class=\"elementor-spacer-inner\"><\/div>\n\t\t<\/div>\n\t\t\t\t\t\t<\/div>\n\t\t\t\t\t<\/div>\n\t\t\t\t<\/div>\n\t\t<div class=\"elementor-element elementor-element-225654e e-flex e-con-boxed e-con e-parent\" data-id=\"225654e\" data-element_type=\"container\" data-e-type=\"container\">\n\t\t\t\t\t<div class=\"e-con-inner\">\n\t\t\t\t<div class=\"elementor-element elementor-element-344e429 elementor-button-align-stretch elementor-widget elementor-widget-form\" data-id=\"344e429\" data-element_type=\"widget\" data-e-type=\"widget\" data-settings=\"{&quot;step_next_label&quot;:&quot;Weiter zu&quot;,&quot;step_previous_label&quot;:&quot;Vorherige&quot;,&quot;button_width&quot;:&quot;100&quot;,&quot;step_type&quot;:&quot;number_text&quot;,&quot;step_icon_shape&quot;:&quot;circle&quot;}\" data-widget_type=\"form.default\">\n\t\t\t\t\t\t\t<form class=\"elementor-form\" method=\"post\" id=\"Anniversaire\" name=\"Neues Formular\" aria-label=\"Neues Formular\">\n\t\t\t<input type=\"hidden\" name=\"post_id\" value=\"6341\"\/>\n\t\t\t<input type=\"hidden\" name=\"form_id\" value=\"344e429\"\/>\n\t\t\t<input type=\"hidden\" name=\"referer_title\" value=\"Geburtstage\" \/>\n\n\t\t\t\t\t\t\t<input type=\"hidden\" name=\"queried_id\" value=\"6341\"\/>\n\t\t\t\n\t\t\t<div class=\"elementor-form-fields-wrapper elementor-labels-above\">\n\t\t\t\t\t\t\t\t<div class=\"elementor-field-type-select elementor-field-group elementor-column elementor-field-group-name elementor-col-100 elementor-field-required\">\n\t\t\t\t\t\t\t\t\t\t\t\t<label for=\"form-field-name\" class=\"elementor-field-label\">\n\t\t\t\t\t\t\t\tDatum des Spiels\t\t\t\t\t\t\t<\/label>\n\t\t\t\t\t\t\t\t<div class=\"elementor-field elementor-select-wrapper remove-before \">\n\t\t\t<div class=\"select-caret-down-wrapper\">\n\t\t\t\t<svg aria-hidden=\"true\" class=\"e-font-icon-svg e-eicon-caret-down\" viewBox=\"0 0 571.4 571.4\" xmlns=\"http:\/\/www.w3.org\/2000\/svg\"><path d=\"M571 393Q571 407 561 418L311 668Q300 679 286 679T261 668L11 418Q0 407 0 393T11 368 36 357H536Q550 357 561 368T571 393Z\"><\/path><\/svg>\t\t\t<\/div>\n\t\t\t<select name=\"form_fields[name]\" id=\"form-field-name\" class=\"elementor-field-textual elementor-size-sm\" required=\"required\">\n\t\t\t\t\t\t\t\t\t<option value=\"12\/09\/2025 \/\/ HC Sierre - EHC Visp\">12\/09\/2025 \/\/ HC Sierre - EHC Visp<\/option>\n\t\t\t\t\t\t\t\t\t<option value=\"16\/09\/2025 \/\/ HC Sierre - EHC Olten\">16\/09\/2025 \/\/ HC Sierre - EHC Olten<\/option>\n\t\t\t\t\t\t\t\t\t<option value=\"30\/09\/2025 \/\/ HC Sierre - EHC Winterthur\">30\/09\/2025 \/\/ HC Sierre - EHC Winterthur<\/option>\n\t\t\t\t\t\t\t\t\t<option value=\"10\/10\/2025 \/\/ HC Sierre - GDT Bellinzona Snakes\">10\/10\/2025 \/\/ HC Sierre - GDT Bellinzona Snakes<\/option>\n\t\t\t\t\t\t\t\t\t<option value=\"19\/10\/2025 \/\/ HC Sierre - EHC Basel\">19\/10\/2025 \/\/ HC Sierre - EHC Basel<\/option>\n\t\t\t\t\t\t\t\t\t<option value=\"21\/10\/2025 \/\/ HC Sierre - EHC Arosa\">21\/10\/2025 \/\/ HC Sierre - EHC Arosa<\/option>\n\t\t\t\t\t\t\t\t\t<option value=\"28\/10\/2025 \/\/ HC Sierre - GCK Lions\">28\/10\/2025 \/\/ HC Sierre - GCK Lions<\/option>\n\t\t\t\t\t\t\t\t\t<option value=\"01\/11\/2025 \/\/ HC Sierre - HC La Chaux-de-Fonds\">01\/11\/2025 \/\/ HC Sierre - HC La Chaux-de-Fonds<\/option>\n\t\t\t\t\t\t\t\t\t<option value=\"18\/11\/2025 \/\/ HC Sierre - HC Thurgau\">18\/11\/2025 \/\/ HC Sierre - HC Thurgau<\/option>\n\t\t\t\t\t\t\t\t\t<option value=\"23\/11\/2025 \/\/ HC Sierre - EHC Visp\">23\/11\/2025 \/\/ HC Sierre - EHC Visp<\/option>\n\t\t\t\t\t\t\t\t\t<option value=\"30\/11\/2025 \/\/ HC Sierre - HC La Chaux-de-Fonds\">30\/11\/2025 \/\/ HC Sierre - HC La Chaux-de-Fonds<\/option>\n\t\t\t\t\t\t\t\t\t<option value=\"07\/12\/2025 \/\/ HC Sierre - EHC Olten\">07\/12\/2025 \/\/ HC Sierre - EHC Olten<\/option>\n\t\t\t\t\t\t\t\t\t<option value=\"13\/12\/2025 \/\/ HC Sierre - EHC Chur\">13\/12\/2025 \/\/ HC Sierre - EHC Chur<\/option>\n\t\t\t\t\t\t\t\t\t<option value=\"14\/12\/2025 \/\/ HC Sierre - EHC Chur\">14\/12\/2025 \/\/ HC Sierre - EHC Chur<\/option>\n\t\t\t\t\t\t\t\t\t<option value=\"17\/12\/2025 \/\/ HC Sierre - EHC Basel\">17\/12\/2025 \/\/ HC Sierre - EHC Basel<\/option>\n\t\t\t\t\t\t\t\t\t<option value=\"23\/12\/2025 \/\/ HC Sierre - EHC Arosa\">23\/12\/2025 \/\/ HC Sierre - EHC Arosa<\/option>\n\t\t\t\t\t\t\t\t\t<option value=\"30\/12\/2025 \/\/ HC Sierre - GCK Lions\">30\/12\/2025 \/\/ HC Sierre - GCK Lions<\/option>\n\t\t\t\t\t\t\t\t\t<option value=\"03\/01\/2026 \/\/ HC Sierre - GDT Bellinzona Snakes\">03\/01\/2026 \/\/ HC Sierre - GDT Bellinzona Snakes<\/option>\n\t\t\t\t\t\t\t\t\t<option value=\"06\/01\/2026 \/\/ HC Sierre - EHC Winterthur\">06\/01\/2026 \/\/ HC Sierre - EHC Winterthur<\/option>\n\t\t\t\t\t\t\t\t\t<option value=\"18\/01\/2026 \/\/ HC Sierre - HC Thurgau\">18\/01\/2026 \/\/ HC Sierre - HC Thurgau<\/option>\n\t\t\t\t\t\t\t\t\t<option value=\"23\/01\/2026 \/\/ HC Sierre - EHC Chur\">23\/01\/2026 \/\/ HC Sierre - EHC Chur<\/option>\n\t\t\t\t\t\t\t\t\t<option value=\"27\/01\/2026 \/\/ HC Sierre - GDT Bellinzona Snakes\">27\/01\/2026 \/\/ HC Sierre - GDT Bellinzona Snakes<\/option>\n\t\t\t\t\t\t\t\t\t<option value=\"10\/02\/2026 \/\/ HC Sierre - GCK Lions\">10\/02\/2026 \/\/ HC Sierre - GCK Lions<\/option>\n\t\t\t\t\t\t\t\t\t<option value=\"15\/02\/2026 \/\/ HC Sierre - EHC Olten\">15\/02\/2026 \/\/ HC Sierre - EHC Olten<\/option>\n\t\t\t\t\t\t\t\t\t<option value=\"19\/02\/2026 \/\/ HC Sierre - EHC Winterthur\">19\/02\/2026 \/\/ HC Sierre - EHC Winterthur<\/option>\n\t\t\t\t\t\t\t<\/select>\n\t\t<\/div>\n\t\t\t\t\t\t<\/div>\n\t\t\t\t\t\t\t\t<div class=\"elementor-field-type-text elementor-field-group elementor-column elementor-field-group-email elementor-col-100 elementor-field-required\">\n\t\t\t\t\t\t\t\t\t\t\t\t<label for=\"form-field-email\" class=\"elementor-field-label\">\n\t\t\t\t\t\t\t\tVorname des Geburtstagskindes\t\t\t\t\t\t\t<\/label>\n\t\t\t\t\t\t\t\t\t\t\t\t\t\t<input size=\"1\" type=\"text\" name=\"form_fields[email]\" id=\"form-field-email\" class=\"elementor-field elementor-size-sm  elementor-field-textual\" required=\"required\">\n\t\t\t\t\t\t\t\t\t\t\t<\/div>\n\t\t\t\t\t\t\t\t<div class=\"elementor-field-type-text elementor-field-group elementor-column elementor-field-group-field_7e3b5fa elementor-col-100\">\n\t\t\t\t\t\t\t\t\t\t\t\t<label for=\"form-field-field_7e3b5fa\" class=\"elementor-field-label\">\n\t\t\t\t\t\t\t\tAlter der gefeierten Person (optional)\t\t\t\t\t\t\t<\/label>\n\t\t\t\t\t\t\t\t\t\t\t\t\t\t<input size=\"1\" type=\"text\" name=\"form_fields[field_7e3b5fa]\" id=\"form-field-field_7e3b5fa\" class=\"elementor-field elementor-size-sm  elementor-field-textual\">\n\t\t\t\t\t\t\t\t\t\t\t<\/div>\n\t\t\t\t\t\t\t\t<div class=\"elementor-field-type-email elementor-field-group elementor-column elementor-field-group-field_f405d04 elementor-col-100 elementor-field-required\">\n\t\t\t\t\t\t\t\t\t\t\t\t<label for=\"form-field-field_f405d04\" class=\"elementor-field-label\">\n\t\t\t\t\t\t\t\tE-Mail der anfragenden Person\t\t\t\t\t\t\t<\/label>\n\t\t\t\t\t\t\t\t\t\t\t\t\t\t<input size=\"1\" type=\"email\" name=\"form_fields[field_f405d04]\" id=\"form-field-field_f405d04\" class=\"elementor-field elementor-size-sm  elementor-field-textual\" required=\"required\">\n\t\t\t\t\t\t\t\t\t\t\t<\/div>\n\t\t\t\t\t\t\t\t<div class=\"elementor-field-type-text elementor-field-group elementor-column elementor-field-group-field_ba34e26 elementor-col-100 elementor-field-required\">\n\t\t\t\t\t\t\t\t\t\t\t\t<label for=\"form-field-field_ba34e26\" class=\"elementor-field-label\">\n\t\t\t\t\t\t\t\tName der anfragenden Person\t\t\t\t\t\t\t<\/label>\n\t\t\t\t\t\t\t\t\t\t\t\t\t\t<input size=\"1\" type=\"text\" name=\"form_fields[field_ba34e26]\" id=\"form-field-field_ba34e26\" class=\"elementor-field elementor-size-sm  elementor-field-textual\" required=\"required\">\n\t\t\t\t\t\t\t\t\t\t\t<\/div>\n\t\t\t\t\t\t\t\t<div class=\"elementor-field-type-text elementor-field-group elementor-column elementor-field-group-field_755e8c7 elementor-col-100 elementor-field-required\">\n\t\t\t\t\t\t\t\t\t\t\t\t<label for=\"form-field-field_755e8c7\" class=\"elementor-field-label\">\n\t\t\t\t\t\t\t\tVorname der anfragenden Person\t\t\t\t\t\t\t<\/label>\n\t\t\t\t\t\t\t\t\t\t\t\t\t\t<input size=\"1\" type=\"text\" name=\"form_fields[field_755e8c7]\" id=\"form-field-field_755e8c7\" class=\"elementor-field elementor-size-sm  elementor-field-textual\" required=\"required\">\n\t\t\t\t\t\t\t\t\t\t\t<\/div>\n\t\t\t\t\t\t\t\t<div class=\"elementor-field-type-text elementor-field-group elementor-column elementor-field-group-field_e52f065 elementor-col-100 elementor-field-required\">\n\t\t\t\t\t\t\t\t\t\t\t\t<label for=\"form-field-field_e52f065\" class=\"elementor-field-label\">\n\t\t\t\t\t\t\t\tTelefonnummer der anfragenden Person\t\t\t\t\t\t\t<\/label>\n\t\t\t\t\t\t\t\t\t\t\t\t\t\t<input size=\"1\" type=\"text\" name=\"form_fields[field_e52f065]\" id=\"form-field-field_e52f065\" class=\"elementor-field elementor-size-sm  elementor-field-textual\" required=\"required\">\n\t\t\t\t\t\t\t\t\t\t\t<\/div>\n\t\t\t\t\t\t\t\t<div class=\"elementor-field-type-upload elementor-field-group elementor-column elementor-field-group-field_5cd956f elementor-col-100 elementor-field-required\">\n\t\t\t\t\t\t\t\t\t\t\t\t<label for=\"form-field-field_5cd956f\" class=\"elementor-field-label\">\n\t\t\t\t\t\t\t\tFoto der gefeierten Person\t\t\t\t\t\t\t<\/label>\n\t\t\t\t\t\t\t\t<input type=\"file\" name=\"form_fields[field_5cd956f]\" id=\"form-field-field_5cd956f\" class=\"elementor-field elementor-size-sm  elementor-upload-field\" required=\"required\">\n\n\t\t\t\t\t\t<\/div>\n\t\t\t\t\t\t\t\t<div class=\"elementor-field-group elementor-column elementor-field-type-submit elementor-col-100 e-form__buttons\">\n\t\t\t\t\t<button class=\"elementor-button elementor-size-sm\" type=\"submit\">\n\t\t\t\t\t\t<span class=\"elementor-button-content-wrapper\">\n\t\t\t\t\t\t\t\t\t\t\t\t\t\t\t\t\t\t\t\t\t\t<span class=\"elementor-button-text\">Senden Sie<\/span>\n\t\t\t\t\t\t\t\t\t\t\t\t\t<\/span>\n\t\t\t\t\t<\/button>\n\t\t\t\t<\/div>\n\t\t\t<\/div>\n\t\t<\/form>\n\t\t\t\t\t\t<\/div>\n\t\t\t\t\t<\/div>\n\t\t\t\t<\/div>\n\t\t<div class=\"elementor-element elementor-element-09d83a8 e-flex e-con-boxed e-con e-parent\" data-id=\"09d83a8\" data-element_type=\"container\" data-e-type=\"container\">\n\t\t\t\t\t<div class=\"e-con-inner\">\n\t\t\t\t<div class=\"elementor-element elementor-element-cf33ff1 elementor-widget elementor-widget-spacer\" data-id=\"cf33ff1\" data-element_type=\"widget\" data-e-type=\"widget\" data-widget_type=\"spacer.default\">\n\t\t\t\t\t\t\t<div class=\"elementor-spacer\">\n\t\t\t<div class=\"elementor-spacer-inner\"><\/div>\n\t\t<\/div>\n\t\t\t\t\t\t<\/div>\n\t\t\t\t\t<\/div>\n\t\t\t\t<\/div>\n\t\t\t\t<\/div>\n\t\t","protected":false},"excerpt":{"rendered":"<p>Titre de la page Geburtstage M\u00f6chtest du jemandem zum Geburtstag eine besondere Freude bereiten? W\u00e4hrend der Heimspiele zeigen wir sein\/ihr Foto auf dem Videow\u00fcrfel und machen eine Durchsage in der Eishalle! F\u00fclle einfach das untenstehende Formular aus, damit die \u00dcberraschung am Spieltag bereit ist. Eine tolle Art, in Rot und Gelb zu feiern! Formular ist&#8230;<\/p>\n","protected":false},"author":1,"featured_media":0,"parent":0,"menu_order":0,"comment_status":"closed","ping_status":"closed","template":"","meta":{"_kad_post_transparent":"","_kad_post_title":"hide","_kad_post_layout":"fullwidth","_kad_post_sidebar_id":"","_kad_post_content_style":"","_kad_post_vertical_padding":"","_kad_post_feature":"","_kad_post_feature_position":"","_kad_post_header":false,"_kad_post_footer":false,"footnotes":""},"class_list":["post-6341","page","type-page","status-publish","hentry"],"rttpg_featured_image_url":null,"rttpg_author":{"display_name":"simon.nanchen@hcsierre.ch","author_link":"https:\/\/hcsierre.ch\/de\/author\/simon-nanchenhcsierre-ch\/"},"rttpg_comment":0,"rttpg_category":" <a href=\"https:\/\/hcsierre.ch\/de\/?taxonomy=translation_priority&#038;term=optional\" rel=\"tag\">Optional<\/a>","rttpg_excerpt":"Titre de la page Geburtstage M\u00f6chtest du jemandem zum Geburtstag eine besondere Freude bereiten? W\u00e4hrend der Heimspiele zeigen wir sein\/ihr Foto auf dem Videow\u00fcrfel und machen eine Durchsage in der Eishalle! F\u00fclle einfach das untenstehende Formular aus, damit die \u00dcberraschung am Spieltag bereit ist. Eine tolle Art, in Rot und Gelb zu feiern! Formular ist...","_links":{"self":[{"href":"https:\/\/hcsierre.ch\/de\/wp-json\/wp\/v2\/pages\/6341","targetHints":{"allow":["GET"]}}],"collection":[{"href":"https:\/\/hcsierre.ch\/de\/wp-json\/wp\/v2\/pages"}],"about":[{"href":"https:\/\/hcsierre.ch\/de\/wp-json\/wp\/v2\/types\/page"}],"author":[{"embeddable":true,"href":"https:\/\/hcsierre.ch\/de\/wp-json\/wp\/v2\/users\/1"}],"replies":[{"embeddable":true,"href":"https:\/\/hcsierre.ch\/de\/wp-json\/wp\/v2\/comments?post=6341"}],"version-history":[{"count":11,"href":"https:\/\/hcsierre.ch\/de\/wp-json\/wp\/v2\/pages\/6341\/revisions"}],"predecessor-version":[{"id":8455,"href":"https:\/\/hcsierre.ch\/de\/wp-json\/wp\/v2\/pages\/6341\/revisions\/8455"}],"wp:attachment":[{"href":"https:\/\/hcsierre.ch\/de\/wp-json\/wp\/v2\/media?parent=6341"}],"curies":[{"name":"wp","href":"https:\/\/api.w.org\/{rel}","templated":true}]}}