{"id":7600,"date":"2025-06-26T10:10:03","date_gmt":"2025-06-26T08:10:03","guid":{"rendered":"https:\/\/hcsierre.ch\/?page_id=7600"},"modified":"2025-06-26T10:11:35","modified_gmt":"2025-06-26T08:11:35","slug":"all-inclusive","status":"publish","type":"page","link":"https:\/\/hcsierre.ch\/de\/all-inclusive\/","title":{"rendered":"All-Inclusive"},"content":{"rendered":"\t\t<div data-elementor-type=\"wp-page\" data-elementor-id=\"7600\" class=\"elementor elementor-7600\" data-elementor-post-type=\"page\">\n\t\t\t\t<div class=\"elementor-element elementor-element-d44c650 e-flex e-con-boxed e-con e-parent\" data-id=\"d44c650\" data-element_type=\"container\" data-e-type=\"container\">\n\t\t\t\t\t<div class=\"e-con-inner\">\n\t\t\t\t<div class=\"elementor-element elementor-element-f709cdf elementor-widget elementor-widget-html\" data-id=\"f709cdf\" data-element_type=\"widget\" data-e-type=\"widget\" data-widget_type=\"html.default\">\n\t\t\t\t\t<!DOCTYPE html>\n<html lang=\"fr\">\n<head>\n  <meta charset=\"UTF-8\">\n  <meta name=\"viewport\" content=\"width=device-width, initial-scale=1.0\">\n  <title>Titre de la page<\/title>\n  <style>\n    @import url('https:\/\/fonts.googleapis.com\/css2?family=Oswald:wght@600&display=swap');\n\n    body {\n      margin: 0;\n      padding: 0;\n      background-color: #fff;\n      display: flex;\n      justify-content: center;\n      align-items: center;\n      min-height: 60vh; \/* Centr\u00e9 verticalement dans la zone visible *\/\n      flex-direction: column;\n    }\n\n    .page-title {\n      font-family: 'Oswald', sans-serif;\n      font-size: 3rem;\n      font-weight: 600;\n      color: #e00613;\n      text-transform: uppercase;\n      text-align: center;\n      letter-spacing: 2px;\n      position: relative;\n      opacity: 0;\n      transition: opacity 0.6s ease;\n    }\n\n    .page-title::after {\n      content: \"\";\n      position: absolute;\n      left: 50%;\n      transform: translateX(-50%);\n      bottom: -10px;\n      width: 0;\n      height: 4px;\n      background-color: #e00613;\n      border-radius: 2px;\n      transition: width 0.8s ease;\n    }\n\n    .page-title.visible {\n      opacity: 1;\n    }\n\n    .page-title.visible::after {\n      width: 80px;\n    }\n\n    @media (max-width: 600px) {\n      .page-title {\n        font-size: 2rem;\n        letter-spacing: 1px;\n      }\n\n      .page-title.visible::after {\n        width: 50px;\n      }\n    }\n  <\/style>\n\n  <script>\n    window.addEventListener(\"DOMContentLoaded\", () => {\n      const title = document.querySelector(\".page-title\");\n      setTimeout(() => {\n        title.classList.add(\"visible\");\n      }, 200);\n    });\n  <\/script>\n<\/head>\n<body>\n\n  <h1 class=\"page-title\">All-Inclusive<\/h1>\n\n<\/body>\n<\/html>\n\t\t\t\t<\/div>\n\t\t\t\t\t<\/div>\n\t\t\t\t<\/div>\n\t\t<div class=\"elementor-element elementor-element-700757c e-flex e-con-boxed e-con e-parent\" data-id=\"700757c\" data-element_type=\"container\" data-e-type=\"container\">\n\t\t\t\t\t<div class=\"e-con-inner\">\n\t\t\t\t<div class=\"elementor-element elementor-element-c9c4a86 elementor-widget elementor-widget-spacer\" data-id=\"c9c4a86\" data-element_type=\"widget\" data-e-type=\"widget\" data-widget_type=\"spacer.default\">\n\t\t\t\t\t\t\t<div class=\"elementor-spacer\">\n\t\t\t<div class=\"elementor-spacer-inner\"><\/div>\n\t\t<\/div>\n\t\t\t\t\t\t<\/div>\n\t\t\t\t<div class=\"elementor-element elementor-element-2a133c8 elementor-widget elementor-widget-html\" data-id=\"2a133c8\" data-element_type=\"widget\" data-e-type=\"widget\" data-widget_type=\"html.default\">\n\t\t\t\t\t<style>\n  @media (max-width: 768px) {\n    h2.responsive-title {\n      font-size: 20px;\n    }\n  }\n\n  @media (min-width: 769px) {\n    h2.responsive-title {\n      font-size: 28px;\n    }\n  }\n<\/style>\n\n<div style=\"color: black; font-family: Arial, sans-serif; line-height: 1.6; margin-bottom: 30px; text-align: justify;\">\n  <h2 class=\"responsive-title\" style=\"color: black; text-align: left;\">Erleben Sie das All-Inclusive-Angebot an Spielabenden!<\/h2>\n  <p>\n    M\u00f6chten Sie den Hockeyabend mit einem geselligen Moment unter Freunden, Kollegen oder der Familie verl\u00e4ngern?  \n    Der HC Sierre bietet Ihnen zwei genussvolle All-Inclusive-Formeln an, die Sie \n    <strong>vor oder nach dem Spiel<\/strong> im Espace Intemporel oder im Restaurant G\u00e9ronde geniessen k\u00f6nnen.\n  <\/p>\n  <p>\n    Ob Sie sich f\u00fcr das traditionelle <strong>K\u00e4sefondue<\/strong> oder das \n    <strong>Glareyarde-Fondue<\/strong> (mit Fleisch) entscheiden \u2013 geniessen Sie ein komplettes Men\u00fc, \n    unbegrenzte Getr\u00e4nke und einen reservierten Tisch f\u00fcr die gesamte Dauer des Spiels.  \n    Ein einzigartiges Erlebnis, das Sportleidenschaft mit kulinarischem Genuss verbindet!\n  <\/p>\n<\/div>\n\t\t\t\t<\/div>\n\t\t\t\t\t<\/div>\n\t\t\t\t<\/div>\n\t\t<div class=\"elementor-element elementor-element-9ba9530 e-flex e-con-boxed e-con e-parent\" data-id=\"9ba9530\" data-element_type=\"container\" data-e-type=\"container\">\n\t\t\t\t\t<div class=\"e-con-inner\">\n\t\t<div class=\"elementor-element elementor-element-6d79f57 e-con-full e-flex e-con e-child\" data-id=\"6d79f57\" data-element_type=\"container\" data-e-type=\"container\">\n\t\t<div class=\"elementor-element elementor-element-47d2c18 e-con-full e-flex e-con e-child\" data-id=\"47d2c18\" data-element_type=\"container\" data-e-type=\"container\">\n\t\t\t\t<div class=\"elementor-element elementor-element-9a8bfb7 elementor-widget elementor-widget-image\" data-id=\"9a8bfb7\" data-element_type=\"widget\" data-e-type=\"widget\" data-widget_type=\"image.default\">\n\t\t\t\t\t\t\t\t\t\t\t\t\t\t\t\t<a href=\"https:\/\/hcsierre.ch\/wp-content\/uploads\/2025\/06\/Flyer-Hospitalite.pdf\" target=\"_blank\">\n\t\t\t\t\t\t\t<img fetchpriority=\"high\" decoding=\"async\" width=\"724\" height=\"1024\" src=\"https:\/\/hcsierre.ch\/wp-content\/uploads\/2025\/06\/3-724x1024.png\" class=\"elementor-animation-shrink attachment-large size-large wp-image-7387\" alt=\"\" srcset=\"https:\/\/hcsierre.ch\/wp-content\/uploads\/2025\/06\/3-724x1024.png 724w, https:\/\/hcsierre.ch\/wp-content\/uploads\/2025\/06\/3-212x300.png 212w, https:\/\/hcsierre.ch\/wp-content\/uploads\/2025\/06\/3-768x1086.png 768w, https:\/\/hcsierre.ch\/wp-content\/uploads\/2025\/06\/3-1086x1536.png 1086w, https:\/\/hcsierre.ch\/wp-content\/uploads\/2025\/06\/3.png 1414w\" sizes=\"(max-width: 724px) 100vw, 724px\" \/>\t\t\t\t\t\t\t\t<\/a>\n\t\t\t\t\t\t\t\t\t\t\t\t\t\t\t<\/div>\n\t\t\t\t<\/div>\n\t\t<div class=\"elementor-element elementor-element-3c3ee17 e-con-full e-flex e-con e-child\" data-id=\"3c3ee17\" data-element_type=\"container\" data-e-type=\"container\">\n\t\t\t\t<div class=\"elementor-element elementor-element-5c05bae elementor-widget elementor-widget-image\" data-id=\"5c05bae\" data-element_type=\"widget\" data-e-type=\"widget\" data-widget_type=\"image.default\">\n\t\t\t\t\t\t\t\t\t\t\t\t\t\t\t\t<a href=\"https:\/\/hcsierre.ch\/wp-content\/uploads\/2025\/06\/Flyer-Hospitalite-2.pdf\" target=\"_blank\">\n\t\t\t\t\t\t\t<img decoding=\"async\" width=\"724\" height=\"1024\" src=\"https:\/\/hcsierre.ch\/wp-content\/uploads\/2025\/06\/4-724x1024.png\" class=\"elementor-animation-shrink attachment-large size-large wp-image-7389\" alt=\"\" srcset=\"https:\/\/hcsierre.ch\/wp-content\/uploads\/2025\/06\/4-724x1024.png 724w, https:\/\/hcsierre.ch\/wp-content\/uploads\/2025\/06\/4-212x300.png 212w, https:\/\/hcsierre.ch\/wp-content\/uploads\/2025\/06\/4-768x1086.png 768w, https:\/\/hcsierre.ch\/wp-content\/uploads\/2025\/06\/4-1086x1536.png 1086w, https:\/\/hcsierre.ch\/wp-content\/uploads\/2025\/06\/4.png 1414w\" sizes=\"(max-width: 724px) 100vw, 724px\" \/>\t\t\t\t\t\t\t\t<\/a>\n\t\t\t\t\t\t\t\t\t\t\t\t\t\t\t<\/div>\n\t\t\t\t<\/div>\n\t\t\t\t<\/div>\n\t\t\t\t\t<\/div>\n\t\t\t\t<\/div>\n\t\t<div class=\"elementor-element elementor-element-784e880 e-flex e-con-boxed e-con e-parent\" data-id=\"784e880\" data-element_type=\"container\" data-e-type=\"container\">\n\t\t\t\t\t<div class=\"e-con-inner\">\n\t\t\t\t<div class=\"elementor-element elementor-element-2eaeb61 elementor-widget elementor-widget-spacer\" data-id=\"2eaeb61\" data-element_type=\"widget\" data-e-type=\"widget\" data-widget_type=\"spacer.default\">\n\t\t\t\t\t\t\t<div class=\"elementor-spacer\">\n\t\t\t<div class=\"elementor-spacer-inner\"><\/div>\n\t\t<\/div>\n\t\t\t\t\t\t<\/div>\n\t\t\t\t\t<\/div>\n\t\t\t\t<\/div>\n\t\t\t\t<\/div>\n\t\t","protected":false},"excerpt":{"rendered":"<p>Titre de la page All-Inclusive Erleben Sie das All-Inclusive-Angebot an Spielabenden! M\u00f6chten Sie den Hockeyabend mit einem geselligen Moment unter Freunden, Kollegen oder der Familie verl\u00e4ngern? Der HC Sierre bietet Ihnen zwei genussvolle All-Inclusive-Formeln an, die Sie vor oder nach dem Spiel im Espace Intemporel oder im Restaurant G\u00e9ronde geniessen k\u00f6nnen. Ob Sie sich f\u00fcr&#8230;<\/p>\n","protected":false},"author":1,"featured_media":0,"parent":0,"menu_order":0,"comment_status":"closed","ping_status":"closed","template":"","meta":{"_kad_post_transparent":"","_kad_post_title":"hide","_kad_post_layout":"fullwidth","_kad_post_sidebar_id":"","_kad_post_content_style":"unboxed","_kad_post_vertical_padding":"hide","_kad_post_feature":"hide","_kad_post_feature_position":"","_kad_post_header":false,"_kad_post_footer":false,"footnotes":""},"class_list":["post-7600","page","type-page","status-publish","hentry"],"rttpg_featured_image_url":null,"rttpg_author":{"display_name":"simon.nanchen@hcsierre.ch","author_link":"https:\/\/hcsierre.ch\/de\/author\/simon-nanchenhcsierre-ch\/"},"rttpg_comment":0,"rttpg_category":" <a href=\"https:\/\/hcsierre.ch\/de\/?taxonomy=translation_priority&#038;term=optional\" rel=\"tag\">Optional<\/a>","rttpg_excerpt":"Titre de la page All-Inclusive Erleben Sie das All-Inclusive-Angebot an Spielabenden! M\u00f6chten Sie den Hockeyabend mit einem geselligen Moment unter Freunden, Kollegen oder der Familie verl\u00e4ngern? Der HC Sierre bietet Ihnen zwei genussvolle All-Inclusive-Formeln an, die Sie vor oder nach dem Spiel im Espace Intemporel oder im Restaurant G\u00e9ronde geniessen k\u00f6nnen. Ob Sie sich f\u00fcr...","_links":{"self":[{"href":"https:\/\/hcsierre.ch\/de\/wp-json\/wp\/v2\/pages\/7600","targetHints":{"allow":["GET"]}}],"collection":[{"href":"https:\/\/hcsierre.ch\/de\/wp-json\/wp\/v2\/pages"}],"about":[{"href":"https:\/\/hcsierre.ch\/de\/wp-json\/wp\/v2\/types\/page"}],"author":[{"embeddable":true,"href":"https:\/\/hcsierre.ch\/de\/wp-json\/wp\/v2\/users\/1"}],"replies":[{"embeddable":true,"href":"https:\/\/hcsierre.ch\/de\/wp-json\/wp\/v2\/comments?post=7600"}],"version-history":[{"count":4,"href":"https:\/\/hcsierre.ch\/de\/wp-json\/wp\/v2\/pages\/7600\/revisions"}],"predecessor-version":[{"id":7605,"href":"https:\/\/hcsierre.ch\/de\/wp-json\/wp\/v2\/pages\/7600\/revisions\/7605"}],"wp:attachment":[{"href":"https:\/\/hcsierre.ch\/de\/wp-json\/wp\/v2\/media?parent=7600"}],"curies":[{"name":"wp","href":"https:\/\/api.w.org\/{rel}","templated":true}]}}